{"id":35983,"date":"2025-07-29T02:26:18","date_gmt":"2025-07-29T10:26:18","guid":{"rendered":"http:\/\/45.63.70.205\/?post_type=product&#038;p=35983"},"modified":"2026-02-05T17:48:01","modified_gmt":"2026-02-05T09:48:01","slug":"wholesale-custom-coloring-book-for-teenagers-40-sheets-sweet-four-seasons-painting","status":"publish","type":"product","link":"http:\/\/shinyyoustationery.com\/ar\/wholesale-custom-coloring-book-for-teenagers-40-sheets-sweet-four-seasons-painting\/","title":{"rendered":"Wholesale Custom Teen Coloring Book"},"content":{"rendered":"<ul>\n<li><strong>\u062b\u064a\u0645\u0627\u062a \u0644\u0637\u064a\u0641\u0629:<\/strong> \u0627\u0646\u0637\u0644\u0642 \u0641\u064a \u0631\u062d\u0644\u0629 \u0639\u0628\u0631 \u0627\u0644\u0645\u0646\u0627\u0638\u0631 \u0627\u0644\u0637\u0628\u064a\u0639\u064a\u0629 \u0627\u0644\u0633\u0627\u062d\u0631\u0629 \u0648\u0627\u0644\u0645\u062e\u0644\u0648\u0642\u0627\u062a \u0627\u0644\u063a\u0631\u064a\u0628\u0629 \u0641\u064a \u0643\u062a\u0627\u0628 \u0627\u0644\u062a\u0644\u0648\u064a\u0646 \u0627\u0644\u0631\u0627\u0626\u0639. \u0627\u0646\u063a\u0645\u0633 \u0641\u064a \u0627\u0644\u062e\u064a\u0627\u0644 \u0648\u0627\u0644\u0627\u0633\u062a\u0631\u062e\u0627\u0621.<\/li>\n<li><strong>\u0627\u0644\u062a\u062e\u0644\u0635 \u0645\u0646 \u0627\u0644\u062a\u0648\u062a\u0631:<\/strong> \u0627\u0643\u062a\u0634\u0641 \u0637\u0631\u064a\u0642\u0629 \u062c\u062f\u064a\u062f\u0629 \u0644\u0644\u062a\u062e\u0644\u0651\u0635 \u0645\u0646 \u0627\u0644\u062a\u0648\u062a\u0631 \u0628\u0627\u0633\u062a\u062e\u062f\u0627\u0645 \u0643\u062a\u0627\u0628 \u0627\u0644\u062a\u0644\u0648\u064a\u0646 \u0627\u0644\u0631\u0627\u0626\u0639 \u0627\u0644\u0630\u064a \u064a\u062d\u062a\u0648\u064a \u0639\u0644\u0649 \u0634\u062e\u0635\u064a\u0627\u062a \u0645\u062e\u064a\u0641\u0629 \u062a\u0628\u0639\u062b \u0639\u0644\u0649 \u0627\u0644\u0627\u0633\u062a\u0631\u062e\u0627\u0621 \u0627\u0644\u0630\u0647\u0646\u064a \u0648\u0627\u0644\u062c\u0633\u062f\u064a \u0648\u062a\u0633\u0627\u0639\u062f\u0643 \u0639\u0644\u0649 \u0627\u0644\u0627\u0633\u062a\u0631\u062e\u0627\u0621 \u0641\u064a \u0623\u064a \u0648\u0642\u062a \u0645\u0646 \u0627\u0644\u064a\u0648\u0645.<\/li>\n<li><strong>\u0623\u0636\u0641 \u0627\u0644\u0628\u0647\u062c\u0629:<\/strong> \u0627\u0646\u063a\u0645\u0633 \u0641\u064a \u0639\u0627\u0644\u0645 \u0645\u0646 \u0627\u0644\u0625\u0645\u0643\u0627\u0646\u064a\u0627\u062a \u0627\u0644\u0625\u0628\u062f\u0627\u0639\u064a\u0629 \u0645\u0639 \u0643\u062a\u0627\u0628 \u0627\u0644\u062a\u0644\u0648\u064a\u0646 \u0627\u0644\u0631\u0627\u0626\u0639 \u0627\u0644\u0645\u0644\u064a\u0621 \u0628\u0627\u0644\u062a\u0635\u0645\u064a\u0645\u0627\u062a \u0627\u0644\u0645\u0639\u0642\u062f\u0629 \u0627\u0644\u062a\u064a \u062a\u0648\u0641\u0631 \u0644\u0643 \u0633\u0627\u0639\u0627\u062a \u0645\u0646 \u0627\u0644\u062a\u0631\u0641\u064a\u0647 \u0627\u0644\u062b\u0631\u064a \u0644\u0644\u0627\u062d\u062a\u0641\u0627\u0644 \u0628\u0625\u0646\u062c\u0627\u0632\u0627\u062a\u0643.<\/li>\n<li><strong>\u062a\u0639\u0632\u064a\u0632 \u0627\u0644\u0625\u0628\u062f\u0627\u0639:<\/strong> \u062a\u062c\u0645\u0639 \u0643\u0644 \u0635\u0641\u062d\u0629 \u0628\u064a\u0646 \u0627\u0644\u0645\u062a\u0639\u0629 \u0648\u0627\u0644\u0627\u0633\u062a\u0631\u062e\u0627\u0621\u060c \u0641\u062a\u062a\u062d\u0648\u0644 \u0643\u0644 \u0635\u0641\u062d\u0629 \u0625\u0644\u0649 \u062a\u062c\u0631\u0628\u0629 \u0645\u0645\u062a\u0639\u0629 \u062a\u0636\u064a\u0621 \u0643\u0644 \u064a\u0648\u0645\u060c \u0648\u062a\u0633\u0627\u0639\u062f \u0639\u0644\u0649 \u062a\u0642\u0644\u064a\u0644 \u0627\u0644\u062a\u0648\u062a\u0631 \u0648\u062a\u0639\u0632\u064a\u0632 \u0627\u0644\u064a\u0642\u0638\u0629 \u0627\u0644\u0630\u0647\u0646\u064a\u0629.<\/li>\n<li><strong>\u0645\u062c\u0645\u0648\u0639\u0629 \u0645\u0628\u062a\u0643\u0631\u0629:<\/strong> \u0627\u0646\u063a\u0645\u0633 \u0641\u064a \u0639\u0627\u0644\u0645 \u0645\u0646 \u0627\u0644\u0631\u0633\u0648\u0645 \u0627\u0644\u062a\u0648\u0636\u064a\u062d\u064a\u0629 \u0627\u0644\u0633\u0627\u062d\u0631\u0629 \u0645\u0639 \u0643\u062a\u0627\u0628 \u0627\u0644\u062a\u0644\u0648\u064a\u0646 \u0627\u0644\u0631\u0627\u0626\u0639 \u0647\u0630\u0627. \u0645\u062c\u0645\u0648\u0639\u0629 \u0645\u062f\u0631\u0648\u0633\u0629 \u0648\u0631\u0648\u062d \u0627\u0644\u062f\u0639\u0627\u0628\u0629 \u0627\u0644\u062a\u064a \u0633\u064a\u0642\u062f\u0631\u0647\u0627 \u0639\u0634\u0627\u0642 \u0647\u0630\u0627 \u0627\u0644\u0643\u062a\u0627\u0628 \u0627\u0644\u0630\u064a \u064a\u0639\u062f \u0645\u062a\u0646\u0641\u0633\u0627\u064b \u0645\u062b\u0627\u0644\u064a\u0627\u064b \u0644\u0644\u0627\u0633\u062a\u0631\u062e\u0627\u0621 \u0648\u0627\u0644\u0625\u0644\u0647\u0627\u0645 \u0627\u0644\u0641\u0646\u064a.<\/li>\n<\/ul>\n<p>\u0643\u062a\u0627\u0628 \u062a\u0644\u0648\u064a\u0646 \u0627\u0644\u0631\u0633\u0648\u0645 \u0627\u0644\u0645\u062a\u062d\u0631\u0643\u0629 \u0627\u0644\u062e\u0627\u0635 \u0628\u0646\u0627 \u0639\u0628\u0627\u0631\u0629 \u0639\u0646 \u0645\u062c\u0645\u0648\u0639\u0629 \u0645\u0628\u0647\u062c\u0629 \u0645\u0644\u064a\u0626\u0629 \u0628\u0627\u0644\u0645\u062e\u0644\u0648\u0642\u0627\u062a \u0627\u0644\u063a\u0627\u0645\u0636\u0629 \u0648\u0627\u0644\u0645\u0631\u064a\u062d\u0629 \u0648\u0627\u0644\u0631\u0627\u0626\u0639\u0629 \u0641\u064a \u0622\u0646 \u0648\u0627\u062d\u062f. \u0645\u0639 \u0642\u062f\u0631\u062a\u0647 \u0639\u0644\u0649 \u062a\u062e\u0641\u064a\u0641 \u0627\u0644\u062a\u0648\u062a\u0631 \u0648\u0625\u0631\u0627\u062d\u0629 \u0627\u0644\u0639\u0642\u0644 \u0648\u0627\u0644\u062c\u0633\u0645\u060c \u0641\u0625\u0646 \u0647\u0630\u0627 \u0627\u0644\u0643\u062a\u0627\u0628 \u0623\u0643\u062b\u0631 \u0645\u0646 \u0645\u062c\u0631\u062f \u0643\u062a\u0627\u0628 \u062a\u0644\u0648\u064a\u0646.<\/p>","protected":false},"excerpt":{"rendered":"<p>\u0627\u0644\u0645\u0648\u0627\u0635\u0641\u0627\u062a:<\/p>\n<p>\u0627\u0644\u0627\u0633\u0645: \u0643\u062a\u0627\u0628 \u062a\u0644\u0648\u064a\u0646 \u0627\u0644\u0647\u0627\u0644\u0648\u064a\u0646<\/p>\n<p>\u0627\u0644\u0648\u0632\u0646: 220 \u062c\u0645<\/p>\n<p data-spm-anchor-id=\"a2g0o.detail.1000023.i0.2c53UrksUrks3B\">\u062d\u062c\u0645 \u0627\u0644\u0645\u0646\u062a\u062c: \u062d\u0648\u0627\u0644\u064a 21 \u00d7 21 \u00d7 0.5 \u0633\u0645\/8.27 \u00d7 8.27 \u00d7 8.27 \u00d7 0.2 \u0628\u0648\u0635\u0629<\/p>\n<p data-spm-anchor-id=\"a2g0o.detail.1000023.i1.2c53UrksUrks3B\">\u0627\u0644\u0645\u0627\u062f\u0629: \u0648\u0631\u0642<\/p>","protected":false},"featured_media":35984,"template":"","meta":[],"product_brand":[],"product_cat":[728,702],"product_tag":[],"class_list":{"0":"post-35983","1":"product","2":"type-product","3":"status-publish","4":"has-post-thumbnail","6":"product_cat-colouring-book","7":"product_cat-arts-crafts-collection","9":"first","10":"instock","11":"shipping-taxable","12":"product-type-simple"},"_links":{"self":[{"href":"http:\/\/shinyyoustationery.com\/ar\/wp-json\/wp\/v2\/product\/35983","targetHints":{"allow":["GET"]}}],"collection":[{"href":"http:\/\/shinyyoustationery.com\/ar\/wp-json\/wp\/v2\/product"}],"about":[{"href":"http:\/\/shinyyoustationery.com\/ar\/wp-json\/wp\/v2\/types\/product"}],"version-history":[{"count":0,"href":"http:\/\/shinyyoustationery.com\/ar\/wp-json\/wp\/v2\/product\/35983\/revisions"}],"wp:featuredmedia":[{"embeddable":true,"href":"http:\/\/shinyyoustationery.com\/ar\/wp-json\/wp\/v2\/media\/35984"}],"wp:attachment":[{"href":"http:\/\/shinyyoustationery.com\/ar\/wp-json\/wp\/v2\/media?parent=35983"}],"wp:term":[{"taxonomy":"product_brand","embeddable":true,"href":"http:\/\/shinyyoustationery.com\/ar\/wp-json\/wp\/v2\/product_brand?post=35983"},{"taxonomy":"product_cat","embeddable":true,"href":"http:\/\/shinyyoustationery.com\/ar\/wp-json\/wp\/v2\/product_cat?post=35983"},{"taxonomy":"product_tag","embeddable":true,"href":"http:\/\/shinyyoustationery.com\/ar\/wp-json\/wp\/v2\/product_tag?post=35983"}],"curies":[{"name":"wp","href":"https:\/\/api.w.org\/{rel}","templated":true}]}}