{"id":29656,"date":"2025-05-19T23:19:12","date_gmt":"2025-05-20T07:19:12","guid":{"rendered":"http:\/\/45.63.70.205\/?post_type=product&#038;p=29656"},"modified":"2025-06-20T00:51:29","modified_gmt":"2025-06-20T08:51:29","slug":"wholesale-custom-syg25078-floral-green-canvas-zipper-pencil-case","status":"publish","type":"product","link":"http:\/\/shinyyoustationery.com\/de\/wholesale-custom-syg25078-floral-green-canvas-zipper-pencil-case\/","title":{"rendered":"Gro\u00dfhandel benutzerdefinierte SYG25078 floralen gr\u00fcnen Leinwand Zipper Federm\u00e4ppchen"},"content":{"rendered":"","protected":false},"excerpt":{"rendered":"","protected":false},"featured_media":32858,"template":"","meta":[],"product_brand":[],"product_cat":[681,404,520],"product_tag":[],"class_list":{"0":"post-29656","1":"product","2":"type-product","3":"status-publish","4":"has-post-thumbnail","6":"product_cat-green-collection","7":"product_cat-bags-cases","8":"product_cat-pencil-case-pouch","10":"first","11":"instock","12":"shipping-taxable","13":"product-type-simple"},"_links":{"self":[{"href":"http:\/\/shinyyoustationery.com\/de\/wp-json\/wp\/v2\/product\/29656","targetHints":{"allow":["GET"]}}],"collection":[{"href":"http:\/\/shinyyoustationery.com\/de\/wp-json\/wp\/v2\/product"}],"about":[{"href":"http:\/\/shinyyoustationery.com\/de\/wp-json\/wp\/v2\/types\/product"}],"version-history":[{"count":0,"href":"http:\/\/shinyyoustationery.com\/de\/wp-json\/wp\/v2\/product\/29656\/revisions"}],"wp:featuredmedia":[{"embeddable":true,"href":"http:\/\/shinyyoustationery.com\/de\/wp-json\/wp\/v2\/media\/32858"}],"wp:attachment":[{"href":"http:\/\/shinyyoustationery.com\/de\/wp-json\/wp\/v2\/media?parent=29656"}],"wp:term":[{"taxonomy":"product_brand","embeddable":true,"href":"http:\/\/shinyyoustationery.com\/de\/wp-json\/wp\/v2\/product_brand?post=29656"},{"taxonomy":"product_cat","embeddable":true,"href":"http:\/\/shinyyoustationery.com\/de\/wp-json\/wp\/v2\/product_cat?post=29656"},{"taxonomy":"product_tag","embeddable":true,"href":"http:\/\/shinyyoustationery.com\/de\/wp-json\/wp\/v2\/product_tag?post=29656"}],"curies":[{"name":"wp","href":"https:\/\/api.w.org\/{rel}","templated":true}]}}