{"id":29662,"date":"2025-05-19T23:24:55","date_gmt":"2025-05-20T07:24:55","guid":{"rendered":"http:\/\/45.63.70.205\/?post_type=product&#038;p=29662"},"modified":"2025-06-20T00:57:18","modified_gmt":"2025-06-20T08:57:18","slug":"wholesale-custom-syg25080-floral-green-leather-zipper-pencil-case","status":"publish","type":"product","link":"http:\/\/shinyyoustationery.com\/de\/wholesale-custom-syg25080-floral-green-leather-zipper-pencil-case\/","title":{"rendered":"Gro\u00dfhandel benutzerdefinierte SYG25080 Floral gr\u00fcn Leder Zipper Federm\u00e4ppchen"},"content":{"rendered":"","protected":false},"excerpt":{"rendered":"","protected":false},"featured_media":32863,"template":"","meta":[],"product_brand":[],"product_cat":[404,520,681],"product_tag":[],"class_list":{"0":"post-29662","1":"product","2":"type-product","3":"status-publish","4":"has-post-thumbnail","6":"product_cat-bags-cases","7":"product_cat-pencil-case-pouch","8":"product_cat-green-collection","10":"first","11":"instock","12":"featured","13":"shipping-taxable","14":"product-type-simple"},"_links":{"self":[{"href":"http:\/\/shinyyoustationery.com\/de\/wp-json\/wp\/v2\/product\/29662","targetHints":{"allow":["GET"]}}],"collection":[{"href":"http:\/\/shinyyoustationery.com\/de\/wp-json\/wp\/v2\/product"}],"about":[{"href":"http:\/\/shinyyoustationery.com\/de\/wp-json\/wp\/v2\/types\/product"}],"version-history":[{"count":0,"href":"http:\/\/shinyyoustationery.com\/de\/wp-json\/wp\/v2\/product\/29662\/revisions"}],"wp:featuredmedia":[{"embeddable":true,"href":"http:\/\/shinyyoustationery.com\/de\/wp-json\/wp\/v2\/media\/32863"}],"wp:attachment":[{"href":"http:\/\/shinyyoustationery.com\/de\/wp-json\/wp\/v2\/media?parent=29662"}],"wp:term":[{"taxonomy":"product_brand","embeddable":true,"href":"http:\/\/shinyyoustationery.com\/de\/wp-json\/wp\/v2\/product_brand?post=29662"},{"taxonomy":"product_cat","embeddable":true,"href":"http:\/\/shinyyoustationery.com\/de\/wp-json\/wp\/v2\/product_cat?post=29662"},{"taxonomy":"product_tag","embeddable":true,"href":"http:\/\/shinyyoustationery.com\/de\/wp-json\/wp\/v2\/product_tag?post=29662"}],"curies":[{"name":"wp","href":"https:\/\/api.w.org\/{rel}","templated":true}]}}