{"id":29672,"date":"2025-05-19T23:43:05","date_gmt":"2025-05-20T07:43:05","guid":{"rendered":"http:\/\/45.63.70.205\/?post_type=product&#038;p=29672"},"modified":"2025-06-20T01:04:44","modified_gmt":"2025-06-20T09:04:44","slug":"wholesale-custom-syg25083-two-tone-green-leather-zipper-pencil-case","status":"publish","type":"product","link":"http:\/\/shinyyoustationery.com\/de\/wholesale-custom-syg25083-two-tone-green-leather-zipper-pencil-case\/","title":{"rendered":"Gro\u00dfhandel benutzerdefinierte SYG25083 zweifarbig gr\u00fcn Leder Rei\u00dfverschluss Federm\u00e4ppchen"},"content":{"rendered":"","protected":false},"excerpt":{"rendered":"","protected":false},"featured_media":32872,"template":"","meta":[],"product_brand":[],"product_cat":[404,520,681],"product_tag":[],"class_list":{"0":"post-29672","1":"product","2":"type-product","3":"status-publish","4":"has-post-thumbnail","6":"product_cat-bags-cases","7":"product_cat-pencil-case-pouch","8":"product_cat-green-collection","10":"first","11":"instock","12":"shipping-taxable","13":"product-type-simple"},"_links":{"self":[{"href":"http:\/\/shinyyoustationery.com\/de\/wp-json\/wp\/v2\/product\/29672","targetHints":{"allow":["GET"]}}],"collection":[{"href":"http:\/\/shinyyoustationery.com\/de\/wp-json\/wp\/v2\/product"}],"about":[{"href":"http:\/\/shinyyoustationery.com\/de\/wp-json\/wp\/v2\/types\/product"}],"version-history":[{"count":0,"href":"http:\/\/shinyyoustationery.com\/de\/wp-json\/wp\/v2\/product\/29672\/revisions"}],"wp:featuredmedia":[{"embeddable":true,"href":"http:\/\/shinyyoustationery.com\/de\/wp-json\/wp\/v2\/media\/32872"}],"wp:attachment":[{"href":"http:\/\/shinyyoustationery.com\/de\/wp-json\/wp\/v2\/media?parent=29672"}],"wp:term":[{"taxonomy":"product_brand","embeddable":true,"href":"http:\/\/shinyyoustationery.com\/de\/wp-json\/wp\/v2\/product_brand?post=29672"},{"taxonomy":"product_cat","embeddable":true,"href":"http:\/\/shinyyoustationery.com\/de\/wp-json\/wp\/v2\/product_cat?post=29672"},{"taxonomy":"product_tag","embeddable":true,"href":"http:\/\/shinyyoustationery.com\/de\/wp-json\/wp\/v2\/product_tag?post=29672"}],"curies":[{"name":"wp","href":"https:\/\/api.w.org\/{rel}","templated":true}]}}