{"id":29823,"date":"2025-05-20T19:32:06","date_gmt":"2025-05-21T03:32:06","guid":{"rendered":"http:\/\/45.63.70.205\/?post_type=product&#038;p=29823"},"modified":"2025-06-20T01:44:09","modified_gmt":"2025-06-20T09:44:09","slug":"wholesale-custom-green-solar-powered-calculator-for-office-home","status":"publish","type":"product","link":"http:\/\/shinyyoustationery.com\/de\/wholesale-custom-green-solar-powered-calculator-for-office-home\/","title":{"rendered":"Gro\u00dfhandel Custom Green Solar Powered Calculator f\u00fcr B\u00fcro &amp; Haus"},"content":{"rendered":"","protected":false},"excerpt":{"rendered":"<p>Dieser umweltfreundliche, solarbetriebene Taschenrechner verf\u00fcgt \u00fcber gro\u00dfe, leicht zu dr\u00fcckende Tasten und eine Solarladefunktion, die ihn sowohl energieeffizient als auch benutzerfreundlich macht. Er eignet sich perfekt f\u00fcr allt\u00e4gliche Berechnungen im B\u00fcro oder zu Hause und macht Batterien \u00fcberfl\u00fcssig, w\u00e4hrend er gleichzeitig eine zuverl\u00e4ssige Leistung liefert.<\/p>","protected":false},"featured_media":32912,"template":"","meta":[],"product_brand":[],"product_cat":[681,333,397,426],"product_tag":[],"class_list":{"0":"post-29823","1":"product","2":"type-product","3":"status-publish","4":"has-post-thumbnail","6":"product_cat-green-collection","7":"product_cat-office-stationery","8":"product_cat-basic-office-stationery","9":"product_cat-calculator","11":"first","12":"instock","13":"shipping-taxable","14":"product-type-simple"},"_links":{"self":[{"href":"http:\/\/shinyyoustationery.com\/de\/wp-json\/wp\/v2\/product\/29823","targetHints":{"allow":["GET"]}}],"collection":[{"href":"http:\/\/shinyyoustationery.com\/de\/wp-json\/wp\/v2\/product"}],"about":[{"href":"http:\/\/shinyyoustationery.com\/de\/wp-json\/wp\/v2\/types\/product"}],"version-history":[{"count":0,"href":"http:\/\/shinyyoustationery.com\/de\/wp-json\/wp\/v2\/product\/29823\/revisions"}],"wp:featuredmedia":[{"embeddable":true,"href":"http:\/\/shinyyoustationery.com\/de\/wp-json\/wp\/v2\/media\/32912"}],"wp:attachment":[{"href":"http:\/\/shinyyoustationery.com\/de\/wp-json\/wp\/v2\/media?parent=29823"}],"wp:term":[{"taxonomy":"product_brand","embeddable":true,"href":"http:\/\/shinyyoustationery.com\/de\/wp-json\/wp\/v2\/product_brand?post=29823"},{"taxonomy":"product_cat","embeddable":true,"href":"http:\/\/shinyyoustationery.com\/de\/wp-json\/wp\/v2\/product_cat?post=29823"},{"taxonomy":"product_tag","embeddable":true,"href":"http:\/\/shinyyoustationery.com\/de\/wp-json\/wp\/v2\/product_tag?post=29823"}],"curies":[{"name":"wp","href":"https:\/\/api.w.org\/{rel}","templated":true}]}}