{"id":29826,"date":"2025-05-20T21:09:15","date_gmt":"2025-05-21T05:09:15","guid":{"rendered":"http:\/\/45.63.70.205\/?post_type=product&#038;p=29826"},"modified":"2025-06-20T01:46:06","modified_gmt":"2025-06-20T09:46:06","slug":"wholesale-custom-green-solar-powered-calculator-eco-friendly-design","status":"publish","type":"product","link":"http:\/\/shinyyoustationery.com\/de\/wholesale-custom-green-solar-powered-calculator-eco-friendly-design\/","title":{"rendered":"Gro\u00dfhandel benutzerdefinierte gr\u00fcne solarbetriebene Rechner umweltfreundliches Design"},"content":{"rendered":"","protected":false},"excerpt":{"rendered":"<p>Dieser kompakte, gr\u00fcne, solarbetriebene Taschenrechner (6x2x11 cm) verf\u00fcgt \u00fcber leicht zu dr\u00fcckende Tasten und eine Solarladefunktion, die den Einsatz von Batterien \u00fcberfl\u00fcssig macht. Er ist ideal f\u00fcr die t\u00e4glichen Berechnungen im B\u00fcro oder zu Hause und bietet eine bequeme, umweltfreundliche L\u00f6sung mit einem eleganten Design.<\/p>","protected":false},"featured_media":32914,"template":"","meta":[],"product_brand":[],"product_cat":[333,397,426,681],"product_tag":[],"class_list":{"0":"post-29826","1":"product","2":"type-product","3":"status-publish","4":"has-post-thumbnail","6":"product_cat-office-stationery","7":"product_cat-basic-office-stationery","8":"product_cat-calculator","9":"product_cat-green-collection","11":"first","12":"instock","13":"shipping-taxable","14":"product-type-simple"},"_links":{"self":[{"href":"http:\/\/shinyyoustationery.com\/de\/wp-json\/wp\/v2\/product\/29826","targetHints":{"allow":["GET"]}}],"collection":[{"href":"http:\/\/shinyyoustationery.com\/de\/wp-json\/wp\/v2\/product"}],"about":[{"href":"http:\/\/shinyyoustationery.com\/de\/wp-json\/wp\/v2\/types\/product"}],"version-history":[{"count":0,"href":"http:\/\/shinyyoustationery.com\/de\/wp-json\/wp\/v2\/product\/29826\/revisions"}],"wp:featuredmedia":[{"embeddable":true,"href":"http:\/\/shinyyoustationery.com\/de\/wp-json\/wp\/v2\/media\/32914"}],"wp:attachment":[{"href":"http:\/\/shinyyoustationery.com\/de\/wp-json\/wp\/v2\/media?parent=29826"}],"wp:term":[{"taxonomy":"product_brand","embeddable":true,"href":"http:\/\/shinyyoustationery.com\/de\/wp-json\/wp\/v2\/product_brand?post=29826"},{"taxonomy":"product_cat","embeddable":true,"href":"http:\/\/shinyyoustationery.com\/de\/wp-json\/wp\/v2\/product_cat?post=29826"},{"taxonomy":"product_tag","embeddable":true,"href":"http:\/\/shinyyoustationery.com\/de\/wp-json\/wp\/v2\/product_tag?post=29826"}],"curies":[{"name":"wp","href":"https:\/\/api.w.org\/{rel}","templated":true}]}}