{"id":29835,"date":"2025-05-20T21:33:05","date_gmt":"2025-05-21T05:33:05","guid":{"rendered":"http:\/\/45.63.70.205\/?post_type=product&#038;p=29835"},"modified":"2025-06-20T01:51:26","modified_gmt":"2025-06-20T09:51:26","slug":"wholesale-custom-syg25091-green-solar-powered-calculator","status":"publish","type":"product","link":"http:\/\/shinyyoustationery.com\/de\/wholesale-custom-syg25091-green-solar-powered-calculator\/","title":{"rendered":"Gro\u00dfhandel benutzerdefinierte SYG25091 Gr\u00fcn Solarbetriebene Rechner"},"content":{"rendered":"","protected":false},"excerpt":{"rendered":"<p>Dieser umweltfreundliche, solarbetriebene Taschenrechner verf\u00fcgt \u00fcber gro\u00dfe, leicht zu dr\u00fcckende Tasten und ein \u00fcbersichtliches Display. Seine kompakte Gr\u00f6\u00dfe und sein umweltfreundliches Design machen ihn zu einer idealen L\u00f6sung f\u00fcr den Einsatz zu Hause oder im B\u00fcro, da er keine Batterien ben\u00f6tigt und dennoch zuverl\u00e4ssig funktioniert.<\/p>","protected":false},"featured_media":32923,"template":"","meta":[],"product_brand":[],"product_cat":[333,397,426,681],"product_tag":[],"class_list":{"0":"post-29835","1":"product","2":"type-product","3":"status-publish","4":"has-post-thumbnail","6":"product_cat-office-stationery","7":"product_cat-basic-office-stationery","8":"product_cat-calculator","9":"product_cat-green-collection","11":"first","12":"instock","13":"shipping-taxable","14":"product-type-simple"},"_links":{"self":[{"href":"http:\/\/shinyyoustationery.com\/de\/wp-json\/wp\/v2\/product\/29835","targetHints":{"allow":["GET"]}}],"collection":[{"href":"http:\/\/shinyyoustationery.com\/de\/wp-json\/wp\/v2\/product"}],"about":[{"href":"http:\/\/shinyyoustationery.com\/de\/wp-json\/wp\/v2\/types\/product"}],"version-history":[{"count":0,"href":"http:\/\/shinyyoustationery.com\/de\/wp-json\/wp\/v2\/product\/29835\/revisions"}],"wp:featuredmedia":[{"embeddable":true,"href":"http:\/\/shinyyoustationery.com\/de\/wp-json\/wp\/v2\/media\/32923"}],"wp:attachment":[{"href":"http:\/\/shinyyoustationery.com\/de\/wp-json\/wp\/v2\/media?parent=29835"}],"wp:term":[{"taxonomy":"product_brand","embeddable":true,"href":"http:\/\/shinyyoustationery.com\/de\/wp-json\/wp\/v2\/product_brand?post=29835"},{"taxonomy":"product_cat","embeddable":true,"href":"http:\/\/shinyyoustationery.com\/de\/wp-json\/wp\/v2\/product_cat?post=29835"},{"taxonomy":"product_tag","embeddable":true,"href":"http:\/\/shinyyoustationery.com\/de\/wp-json\/wp\/v2\/product_tag?post=29835"}],"curies":[{"name":"wp","href":"https:\/\/api.w.org\/{rel}","templated":true}]}}