{"id":29855,"date":"2025-05-20T22:12:32","date_gmt":"2025-05-21T06:12:32","guid":{"rendered":"http:\/\/45.63.70.205\/?post_type=product&#038;p=29855"},"modified":"2025-06-20T02:00:47","modified_gmt":"2025-06-20T10:00:47","slug":"wholesale-custom-syg25096-green-solar-powered-calculator-for-office-school","status":"publish","type":"product","link":"http:\/\/shinyyoustationery.com\/de\/wholesale-custom-syg25096-green-solar-powered-calculator-for-office-school\/","title":{"rendered":"Gro\u00dfhandel benutzerdefinierte SYG25096 Green Solar Powered Calculator f\u00fcr B\u00fcro &amp; Schule"},"content":{"rendered":"","protected":false},"excerpt":{"rendered":"<p>Dieser umweltfreundliche, solarbetriebene Taschenrechner zeichnet sich durch gro\u00dfe, leicht zu dr\u00fcckende Tasten und ein \u00fcbersichtliches Display aus, so dass er f\u00fcr allt\u00e4gliche Berechnungen einfach zu verwenden ist. Die Solarstromfunktion macht Batterien \u00fcberfl\u00fcssig und bietet eine energieeffiziente und nachhaltige L\u00f6sung f\u00fcr den Einsatz in Schule und B\u00fcro.<\/p>","protected":false},"featured_media":32933,"template":"","meta":[],"product_brand":[],"product_cat":[681,333,397,426],"product_tag":[],"class_list":{"0":"post-29855","1":"product","2":"type-product","3":"status-publish","4":"has-post-thumbnail","6":"product_cat-green-collection","7":"product_cat-office-stationery","8":"product_cat-basic-office-stationery","9":"product_cat-calculator","11":"first","12":"instock","13":"shipping-taxable","14":"product-type-simple"},"_links":{"self":[{"href":"http:\/\/shinyyoustationery.com\/de\/wp-json\/wp\/v2\/product\/29855","targetHints":{"allow":["GET"]}}],"collection":[{"href":"http:\/\/shinyyoustationery.com\/de\/wp-json\/wp\/v2\/product"}],"about":[{"href":"http:\/\/shinyyoustationery.com\/de\/wp-json\/wp\/v2\/types\/product"}],"version-history":[{"count":0,"href":"http:\/\/shinyyoustationery.com\/de\/wp-json\/wp\/v2\/product\/29855\/revisions"}],"wp:featuredmedia":[{"embeddable":true,"href":"http:\/\/shinyyoustationery.com\/de\/wp-json\/wp\/v2\/media\/32933"}],"wp:attachment":[{"href":"http:\/\/shinyyoustationery.com\/de\/wp-json\/wp\/v2\/media?parent=29855"}],"wp:term":[{"taxonomy":"product_brand","embeddable":true,"href":"http:\/\/shinyyoustationery.com\/de\/wp-json\/wp\/v2\/product_brand?post=29855"},{"taxonomy":"product_cat","embeddable":true,"href":"http:\/\/shinyyoustationery.com\/de\/wp-json\/wp\/v2\/product_cat?post=29855"},{"taxonomy":"product_tag","embeddable":true,"href":"http:\/\/shinyyoustationery.com\/de\/wp-json\/wp\/v2\/product_tag?post=29855"}],"curies":[{"name":"wp","href":"https:\/\/api.w.org\/{rel}","templated":true}]}}