{"id":29862,"date":"2025-05-20T22:29:29","date_gmt":"2025-05-21T06:29:29","guid":{"rendered":"http:\/\/45.63.70.205\/?post_type=product&#038;p=29862"},"modified":"2025-06-20T02:02:51","modified_gmt":"2025-06-20T10:02:51","slug":"wholesale-custom-compact-green-solar-powered-calculator-for-students-office","status":"publish","type":"product","link":"http:\/\/shinyyoustationery.com\/de\/wholesale-custom-compact-green-solar-powered-calculator-for-students-office\/","title":{"rendered":"Gro\u00dfhandel benutzerdefinierte kompakte gr\u00fcne solarbetriebene Rechner f\u00fcr Studenten &amp; B\u00fcro"},"content":{"rendered":"","protected":false},"excerpt":{"rendered":"<p>Ein kompakter und umweltfreundlicher gr\u00fcner Taschenrechner, der mit Solarenergie betrieben wird und f\u00fcr den t\u00e4glichen Gebrauch konzipiert ist. Mit seiner einfachen, benutzerfreundlichen Oberfl\u00e4che und den grundlegenden arithmetischen Funktionen ist dieser Rechner f\u00fcr Studenten und Berufst\u00e4tige gleicherma\u00dfen geeignet und bietet sowohl Effizienz als auch Nachhaltigkeit.<\/p>","protected":false},"featured_media":32937,"template":"","meta":[],"product_brand":[],"product_cat":[681,333,397,426],"product_tag":[],"class_list":{"0":"post-29862","1":"product","2":"type-product","3":"status-publish","4":"has-post-thumbnail","6":"product_cat-green-collection","7":"product_cat-office-stationery","8":"product_cat-basic-office-stationery","9":"product_cat-calculator","11":"first","12":"instock","13":"shipping-taxable","14":"product-type-simple"},"_links":{"self":[{"href":"http:\/\/shinyyoustationery.com\/de\/wp-json\/wp\/v2\/product\/29862","targetHints":{"allow":["GET"]}}],"collection":[{"href":"http:\/\/shinyyoustationery.com\/de\/wp-json\/wp\/v2\/product"}],"about":[{"href":"http:\/\/shinyyoustationery.com\/de\/wp-json\/wp\/v2\/types\/product"}],"version-history":[{"count":0,"href":"http:\/\/shinyyoustationery.com\/de\/wp-json\/wp\/v2\/product\/29862\/revisions"}],"wp:featuredmedia":[{"embeddable":true,"href":"http:\/\/shinyyoustationery.com\/de\/wp-json\/wp\/v2\/media\/32937"}],"wp:attachment":[{"href":"http:\/\/shinyyoustationery.com\/de\/wp-json\/wp\/v2\/media?parent=29862"}],"wp:term":[{"taxonomy":"product_brand","embeddable":true,"href":"http:\/\/shinyyoustationery.com\/de\/wp-json\/wp\/v2\/product_brand?post=29862"},{"taxonomy":"product_cat","embeddable":true,"href":"http:\/\/shinyyoustationery.com\/de\/wp-json\/wp\/v2\/product_cat?post=29862"},{"taxonomy":"product_tag","embeddable":true,"href":"http:\/\/shinyyoustationery.com\/de\/wp-json\/wp\/v2\/product_tag?post=29862"}],"curies":[{"name":"wp","href":"https:\/\/api.w.org\/{rel}","templated":true}]}}