{"id":29878,"date":"2025-05-20T23:22:34","date_gmt":"2025-05-21T07:22:34","guid":{"rendered":"http:\/\/45.63.70.205\/?post_type=product&#038;p=29878"},"modified":"2025-06-06T01:51:21","modified_gmt":"2025-06-06T09:51:21","slug":"wholesale-custom-green-and-gold-staple-remover-for-easy-removal-of-staples","status":"publish","type":"product","link":"http:\/\/shinyyoustationery.com\/de\/wholesale-custom-green-and-gold-staple-remover-for-easy-removal-of-staples\/","title":{"rendered":"Gro\u00dfhandel Custom Green und Gold Staple Remover f\u00fcr einfache Entfernung von Klammern"},"content":{"rendered":"","protected":false},"excerpt":{"rendered":"<p>Dieser elegante gr\u00fcn-goldene Heftklammerentferner bietet eine einfache und effiziente M\u00f6glichkeit, Heftklammern zu entfernen, ohne Ihre Dokumente zu besch\u00e4digen. Dank seines ergonomischen Designs liegt er gut in der Hand und ist das perfekte Werkzeug f\u00fcr B\u00fcro und Schule.<\/p>","protected":false},"featured_media":29879,"template":"","meta":[],"product_brand":[],"product_cat":[333,397,433,681],"product_tag":[],"class_list":{"0":"post-29878","1":"product","2":"type-product","3":"status-publish","4":"has-post-thumbnail","6":"product_cat-office-stationery","7":"product_cat-basic-office-stationery","8":"product_cat-stapler","9":"product_cat-green-collection","11":"first","12":"instock","13":"shipping-taxable","14":"product-type-simple"},"_links":{"self":[{"href":"http:\/\/shinyyoustationery.com\/de\/wp-json\/wp\/v2\/product\/29878","targetHints":{"allow":["GET"]}}],"collection":[{"href":"http:\/\/shinyyoustationery.com\/de\/wp-json\/wp\/v2\/product"}],"about":[{"href":"http:\/\/shinyyoustationery.com\/de\/wp-json\/wp\/v2\/types\/product"}],"version-history":[{"count":0,"href":"http:\/\/shinyyoustationery.com\/de\/wp-json\/wp\/v2\/product\/29878\/revisions"}],"wp:featuredmedia":[{"embeddable":true,"href":"http:\/\/shinyyoustationery.com\/de\/wp-json\/wp\/v2\/media\/29879"}],"wp:attachment":[{"href":"http:\/\/shinyyoustationery.com\/de\/wp-json\/wp\/v2\/media?parent=29878"}],"wp:term":[{"taxonomy":"product_brand","embeddable":true,"href":"http:\/\/shinyyoustationery.com\/de\/wp-json\/wp\/v2\/product_brand?post=29878"},{"taxonomy":"product_cat","embeddable":true,"href":"http:\/\/shinyyoustationery.com\/de\/wp-json\/wp\/v2\/product_cat?post=29878"},{"taxonomy":"product_tag","embeddable":true,"href":"http:\/\/shinyyoustationery.com\/de\/wp-json\/wp\/v2\/product_tag?post=29878"}],"curies":[{"name":"wp","href":"https:\/\/api.w.org\/{rel}","templated":true}]}}