{"id":29883,"date":"2025-05-20T23:25:33","date_gmt":"2025-05-21T07:25:33","guid":{"rendered":"http:\/\/45.63.70.205\/?post_type=product&#038;p=29883"},"modified":"2025-06-20T02:06:02","modified_gmt":"2025-06-20T10:06:02","slug":"wholesale-custom-stylish-green-and-gold-stapler-for-office-home","status":"publish","type":"product","link":"http:\/\/shinyyoustationery.com\/de\/wholesale-custom-stylish-green-and-gold-stapler-for-office-home\/","title":{"rendered":"Gro\u00dfhandel benutzerdefinierte stilvolle Gr\u00fcn und Gold Hefter f\u00fcr B\u00fcro &amp; Haus"},"content":{"rendered":"","protected":false},"excerpt":{"rendered":"<p>Dieser elegante gr\u00fcn-goldene Hefter kombiniert Funktionalit\u00e4t mit einem schlanken Design. Er eignet sich perfekt f\u00fcr den Einsatz im B\u00fcro oder zu Hause, heftet reibungslos und ist einfach zu laden und zu bedienen. Seine einzigartige Farbkombination aus Gr\u00fcn und Gold verleiht jedem Arbeitsbereich einen Hauch von Stil.<\/p>","protected":false},"featured_media":32942,"template":"","meta":[],"product_brand":[],"product_cat":[333,397,433,681],"product_tag":[],"class_list":{"0":"post-29883","1":"product","2":"type-product","3":"status-publish","4":"has-post-thumbnail","6":"product_cat-office-stationery","7":"product_cat-basic-office-stationery","8":"product_cat-stapler","9":"product_cat-green-collection","11":"first","12":"instock","13":"shipping-taxable","14":"product-type-simple"},"_links":{"self":[{"href":"http:\/\/shinyyoustationery.com\/de\/wp-json\/wp\/v2\/product\/29883","targetHints":{"allow":["GET"]}}],"collection":[{"href":"http:\/\/shinyyoustationery.com\/de\/wp-json\/wp\/v2\/product"}],"about":[{"href":"http:\/\/shinyyoustationery.com\/de\/wp-json\/wp\/v2\/types\/product"}],"version-history":[{"count":0,"href":"http:\/\/shinyyoustationery.com\/de\/wp-json\/wp\/v2\/product\/29883\/revisions"}],"wp:featuredmedia":[{"embeddable":true,"href":"http:\/\/shinyyoustationery.com\/de\/wp-json\/wp\/v2\/media\/32942"}],"wp:attachment":[{"href":"http:\/\/shinyyoustationery.com\/de\/wp-json\/wp\/v2\/media?parent=29883"}],"wp:term":[{"taxonomy":"product_brand","embeddable":true,"href":"http:\/\/shinyyoustationery.com\/de\/wp-json\/wp\/v2\/product_brand?post=29883"},{"taxonomy":"product_cat","embeddable":true,"href":"http:\/\/shinyyoustationery.com\/de\/wp-json\/wp\/v2\/product_cat?post=29883"},{"taxonomy":"product_tag","embeddable":true,"href":"http:\/\/shinyyoustationery.com\/de\/wp-json\/wp\/v2\/product_tag?post=29883"}],"curies":[{"name":"wp","href":"https:\/\/api.w.org\/{rel}","templated":true}]}}