{"id":29894,"date":"2025-05-20T23:46:40","date_gmt":"2025-05-21T07:46:40","guid":{"rendered":"http:\/\/45.63.70.205\/?post_type=product&#038;p=29894"},"modified":"2025-06-23T23:39:41","modified_gmt":"2025-06-24T07:39:41","slug":"wholesale-custom-green-and-gold-double-hole-punch","status":"publish","type":"product","link":"http:\/\/shinyyoustationery.com\/de\/wholesale-custom-green-and-gold-double-hole-punch\/","title":{"rendered":"Gro\u00dfhandel benutzerdefinierte gr\u00fcne und goldene Doppel-Lochstanze"},"content":{"rendered":"","protected":false},"excerpt":{"rendered":"<p>Dieser elegante gr\u00fcn-goldene Doppellocher verbindet Stil mit Funktionalit\u00e4t. Er ist ideal f\u00fcr den Einsatz im B\u00fcro oder in der Schule und erm\u00f6glicht ein reibungsloses, pr\u00e4zises Lochen Ihrer Dokumente. Das schlanke Design und die robuste Konstruktion sorgen f\u00fcr dauerhafte Zuverl\u00e4ssigkeit und verleihen Ihrem Arbeitsbereich einen Hauch von Eleganz.<\/p>","protected":false},"featured_media":32947,"template":"","meta":[],"product_brand":[],"product_cat":[402,681,683],"product_tag":[],"class_list":{"0":"post-29894","1":"product","2":"type-product","3":"status-publish","4":"has-post-thumbnail","6":"product_cat-desk-organizer-accessories","7":"product_cat-green-collection","8":"product_cat-eco-friendly-collection","10":"first","11":"instock","12":"shipping-taxable","13":"product-type-simple"},"_links":{"self":[{"href":"http:\/\/shinyyoustationery.com\/de\/wp-json\/wp\/v2\/product\/29894","targetHints":{"allow":["GET"]}}],"collection":[{"href":"http:\/\/shinyyoustationery.com\/de\/wp-json\/wp\/v2\/product"}],"about":[{"href":"http:\/\/shinyyoustationery.com\/de\/wp-json\/wp\/v2\/types\/product"}],"version-history":[{"count":0,"href":"http:\/\/shinyyoustationery.com\/de\/wp-json\/wp\/v2\/product\/29894\/revisions"}],"wp:featuredmedia":[{"embeddable":true,"href":"http:\/\/shinyyoustationery.com\/de\/wp-json\/wp\/v2\/media\/32947"}],"wp:attachment":[{"href":"http:\/\/shinyyoustationery.com\/de\/wp-json\/wp\/v2\/media?parent=29894"}],"wp:term":[{"taxonomy":"product_brand","embeddable":true,"href":"http:\/\/shinyyoustationery.com\/de\/wp-json\/wp\/v2\/product_brand?post=29894"},{"taxonomy":"product_cat","embeddable":true,"href":"http:\/\/shinyyoustationery.com\/de\/wp-json\/wp\/v2\/product_cat?post=29894"},{"taxonomy":"product_tag","embeddable":true,"href":"http:\/\/shinyyoustationery.com\/de\/wp-json\/wp\/v2\/product_tag?post=29894"}],"curies":[{"name":"wp","href":"https:\/\/api.w.org\/{rel}","templated":true}]}}