{"id":29904,"date":"2025-05-20T23:54:28","date_gmt":"2025-05-21T07:54:28","guid":{"rendered":"http:\/\/45.63.70.205\/?post_type=product&#038;p=29904"},"modified":"2025-06-23T23:43:37","modified_gmt":"2025-06-24T07:43:37","slug":"wholesale-custom-wooden-30cm-ruler-with-dual-metric-and-imperial-scale","status":"publish","type":"product","link":"http:\/\/shinyyoustationery.com\/de\/wholesale-custom-wooden-30cm-ruler-with-dual-metric-and-imperial-scale\/","title":{"rendered":"Gro\u00dfhandel benutzerdefinierte h\u00f6lzerne 30cm Lineal mit Dual metrischen und imperialen Skala"},"content":{"rendered":"","protected":false},"excerpt":{"rendered":"<p>Dieses 30 cm lange Holzlineal bietet sowohl metrische als auch imperiale Ma\u00dfe f\u00fcr eine pr\u00e4zise und vielseitige Verwendung. Es eignet sich perfekt f\u00fcr Sch\u00fcler, K\u00fcnstler oder alle, die genaue Ma\u00dfe ben\u00f6tigen. Es ist aus strapazierf\u00e4higem Holz gefertigt und verf\u00fcgt \u00fcber klare Markierungen zum einfachen Ablesen. Ideal f\u00fcr Schule, B\u00fcro oder Bastelprojekte.<\/p>","protected":false},"featured_media":33286,"template":"","meta":[],"product_brand":[],"product_cat":[424,475,683],"product_tag":[],"class_list":{"0":"post-29904","1":"product","2":"type-product","3":"status-publish","4":"has-post-thumbnail","6":"product_cat-straight-ruler","7":"product_cat-rulers-measuring-tools","8":"product_cat-eco-friendly-collection","10":"first","11":"instock","12":"shipping-taxable","13":"product-type-simple"},"_links":{"self":[{"href":"http:\/\/shinyyoustationery.com\/de\/wp-json\/wp\/v2\/product\/29904","targetHints":{"allow":["GET"]}}],"collection":[{"href":"http:\/\/shinyyoustationery.com\/de\/wp-json\/wp\/v2\/product"}],"about":[{"href":"http:\/\/shinyyoustationery.com\/de\/wp-json\/wp\/v2\/types\/product"}],"version-history":[{"count":0,"href":"http:\/\/shinyyoustationery.com\/de\/wp-json\/wp\/v2\/product\/29904\/revisions"}],"wp:featuredmedia":[{"embeddable":true,"href":"http:\/\/shinyyoustationery.com\/de\/wp-json\/wp\/v2\/media\/33286"}],"wp:attachment":[{"href":"http:\/\/shinyyoustationery.com\/de\/wp-json\/wp\/v2\/media?parent=29904"}],"wp:term":[{"taxonomy":"product_brand","embeddable":true,"href":"http:\/\/shinyyoustationery.com\/de\/wp-json\/wp\/v2\/product_brand?post=29904"},{"taxonomy":"product_cat","embeddable":true,"href":"http:\/\/shinyyoustationery.com\/de\/wp-json\/wp\/v2\/product_cat?post=29904"},{"taxonomy":"product_tag","embeddable":true,"href":"http:\/\/shinyyoustationery.com\/de\/wp-json\/wp\/v2\/product_tag?post=29904"}],"curies":[{"name":"wp","href":"https:\/\/api.w.org\/{rel}","templated":true}]}}