{"id":29925,"date":"2025-05-21T00:31:49","date_gmt":"2025-05-21T08:31:49","guid":{"rendered":"http:\/\/45.63.70.205\/?post_type=product&#038;p=29925"},"modified":"2025-06-20T02:25:30","modified_gmt":"2025-06-20T10:25:30","slug":"wholesale-custom-elegant-green-pu-leather-notebook-with-pen-holder","status":"publish","type":"product","link":"http:\/\/shinyyoustationery.com\/de\/wholesale-custom-elegant-green-pu-leather-notebook-with-pen-holder\/","title":{"rendered":"Gro\u00dfhandel benutzerdefinierte elegante gr\u00fcne PU-Leder Notebook mit Stifthalter"},"content":{"rendered":"","protected":false},"excerpt":{"rendered":"<p>Dieses raffinierte gr\u00fcne PU-Leder-Notizbuch strahlt sowohl Stil als auch Funktionalit\u00e4t aus. Es hat ein elegantes \u00c4u\u00dferes und verf\u00fcgt \u00fcber einen integrierten Stifthalter, damit Sie Ihr Lieblingsschreibger\u00e4t immer in Reichweite haben. Das hochwertige Material des Notizbuchs sorgt f\u00fcr Langlebigkeit und macht es zu einer ausgezeichneten Wahl f\u00fcr den beruflichen oder privaten Gebrauch. Mit seinem sauberen und ausgefeilten Design eignet es sich perfekt f\u00fcr Tagebucheintragungen, Notizen oder als durchdachtes Geschenk.<\/p>","protected":false},"featured_media":32957,"template":"","meta":[],"product_brand":[],"product_cat":[387,494,681],"product_tag":[],"class_list":{"0":"post-29925","1":"product","2":"type-product","3":"status-publish","4":"has-post-thumbnail","6":"product_cat-notebooks-journals","7":"product_cat-composition-notebook","8":"product_cat-green-collection","10":"first","11":"instock","12":"shipping-taxable","13":"product-type-simple"},"_links":{"self":[{"href":"http:\/\/shinyyoustationery.com\/de\/wp-json\/wp\/v2\/product\/29925","targetHints":{"allow":["GET"]}}],"collection":[{"href":"http:\/\/shinyyoustationery.com\/de\/wp-json\/wp\/v2\/product"}],"about":[{"href":"http:\/\/shinyyoustationery.com\/de\/wp-json\/wp\/v2\/types\/product"}],"version-history":[{"count":0,"href":"http:\/\/shinyyoustationery.com\/de\/wp-json\/wp\/v2\/product\/29925\/revisions"}],"wp:featuredmedia":[{"embeddable":true,"href":"http:\/\/shinyyoustationery.com\/de\/wp-json\/wp\/v2\/media\/32957"}],"wp:attachment":[{"href":"http:\/\/shinyyoustationery.com\/de\/wp-json\/wp\/v2\/media?parent=29925"}],"wp:term":[{"taxonomy":"product_brand","embeddable":true,"href":"http:\/\/shinyyoustationery.com\/de\/wp-json\/wp\/v2\/product_brand?post=29925"},{"taxonomy":"product_cat","embeddable":true,"href":"http:\/\/shinyyoustationery.com\/de\/wp-json\/wp\/v2\/product_cat?post=29925"},{"taxonomy":"product_tag","embeddable":true,"href":"http:\/\/shinyyoustationery.com\/de\/wp-json\/wp\/v2\/product_tag?post=29925"}],"curies":[{"name":"wp","href":"https:\/\/api.w.org\/{rel}","templated":true}]}}