{"id":29935,"date":"2025-05-21T00:36:12","date_gmt":"2025-05-21T08:36:12","guid":{"rendered":"http:\/\/45.63.70.205\/?post_type=product&#038;p=29935"},"modified":"2025-06-24T01:20:19","modified_gmt":"2025-06-24T09:20:19","slug":"wholesale-custom-hardcover-notebook-stylish-and-durable-journal-for-creative-minds","status":"publish","type":"product","link":"http:\/\/shinyyoustationery.com\/de\/wholesale-custom-hardcover-notebook-stylish-and-durable-journal-for-creative-minds\/","title":{"rendered":"Gro\u00dfhandel benutzerdefinierte Hardcover Notebook - stilvoll und langlebig Journal f\u00fcr kreative K\u00f6pfe"},"content":{"rendered":"","protected":false},"excerpt":{"rendered":"<p>Dieses A5-PU-Notizbuch mit festem Einband, modernem zweifarbigen Design und gepr\u00e4gtem \"DREAM\"-Schriftzug ist perfekt, um Ideen, Tr\u00e4ume und Pl\u00e4ne festzuhalten. Dieses Notizbuch ist ideal f\u00fcr Studenten, Berufst\u00e4tige oder alle, die ein kreatives Tagebuch f\u00fchren m\u00f6chten. Es bietet sowohl Haltbarkeit als auch Stil in einem kompakten Format. Ideal f\u00fcr Notizen, Skizzen oder als durchdachtes Geschenk f\u00fcr die Tr\u00e4umer in Ihrem Leben.<\/p>","protected":false},"featured_media":33318,"template":"","meta":[],"product_brand":[],"product_cat":[387,494,667,683],"product_tag":[],"class_list":{"0":"post-29935","1":"product","2":"type-product","3":"status-publish","4":"has-post-thumbnail","6":"product_cat-notebooks-journals","7":"product_cat-composition-notebook","8":"product_cat-hardcover-notebook","9":"product_cat-eco-friendly-collection","11":"first","12":"instock","13":"shipping-taxable","14":"product-type-simple"},"_links":{"self":[{"href":"http:\/\/shinyyoustationery.com\/de\/wp-json\/wp\/v2\/product\/29935","targetHints":{"allow":["GET"]}}],"collection":[{"href":"http:\/\/shinyyoustationery.com\/de\/wp-json\/wp\/v2\/product"}],"about":[{"href":"http:\/\/shinyyoustationery.com\/de\/wp-json\/wp\/v2\/types\/product"}],"version-history":[{"count":0,"href":"http:\/\/shinyyoustationery.com\/de\/wp-json\/wp\/v2\/product\/29935\/revisions"}],"wp:featuredmedia":[{"embeddable":true,"href":"http:\/\/shinyyoustationery.com\/de\/wp-json\/wp\/v2\/media\/33318"}],"wp:attachment":[{"href":"http:\/\/shinyyoustationery.com\/de\/wp-json\/wp\/v2\/media?parent=29935"}],"wp:term":[{"taxonomy":"product_brand","embeddable":true,"href":"http:\/\/shinyyoustationery.com\/de\/wp-json\/wp\/v2\/product_brand?post=29935"},{"taxonomy":"product_cat","embeddable":true,"href":"http:\/\/shinyyoustationery.com\/de\/wp-json\/wp\/v2\/product_cat?post=29935"},{"taxonomy":"product_tag","embeddable":true,"href":"http:\/\/shinyyoustationery.com\/de\/wp-json\/wp\/v2\/product_tag?post=29935"}],"curies":[{"name":"wp","href":"https:\/\/api.w.org\/{rel}","templated":true}]}}