{"id":29954,"date":"2025-05-21T00:57:52","date_gmt":"2025-05-21T08:57:52","guid":{"rendered":"http:\/\/45.63.70.205\/?post_type=product&#038;p=29954"},"modified":"2025-06-23T02:28:53","modified_gmt":"2025-06-23T10:28:53","slug":"wholesale-custom-fun-and-colorful-novelty-plush-notebooks","status":"publish","type":"product","link":"http:\/\/shinyyoustationery.com\/de\/wholesale-custom-fun-and-colorful-novelty-plush-notebooks\/","title":{"rendered":"Gro\u00dfhandel Custom Fun und bunte Neuheit Pl\u00fcsch Notebooks"},"content":{"rendered":"","protected":false},"excerpt":{"rendered":"<p>Diese neuartigen Pl\u00fcsch-Notizb\u00fccher sind perfekt f\u00fcr alle, die einzigartige, auff\u00e4llige Designs lieben. Jedes Notizbuch verf\u00fcgt \u00fcber eine weiche, pelzige Textur mit verschiedenen verspielten Motiven, darunter ein Weihnachtsbaumdesign, Tierdrucke und lebhafte, mehrfarbige Muster. Die leuchtenden Farben und lustigen Strukturen machen diese Notizb\u00fccher zu einer unterhaltsamen Art, Notizen zu machen, Ideen festzuhalten oder einfach seinen pers\u00f6nlichen Stil auszudr\u00fccken. Ideal zum Verschenken oder um Ihrem Schreibtisch einen Hauch von Skurrilit\u00e4t zu verleihen!<\/p>","protected":false},"featured_media":29955,"template":"","meta":[],"product_brand":[],"product_cat":[387,494,676],"product_tag":[],"class_list":{"0":"post-29954","1":"product","2":"type-product","3":"status-publish","4":"has-post-thumbnail","6":"product_cat-notebooks-journals","7":"product_cat-composition-notebook","8":"product_cat-plush-notebook","10":"first","11":"instock","12":"shipping-taxable","13":"product-type-simple"},"_links":{"self":[{"href":"http:\/\/shinyyoustationery.com\/de\/wp-json\/wp\/v2\/product\/29954","targetHints":{"allow":["GET"]}}],"collection":[{"href":"http:\/\/shinyyoustationery.com\/de\/wp-json\/wp\/v2\/product"}],"about":[{"href":"http:\/\/shinyyoustationery.com\/de\/wp-json\/wp\/v2\/types\/product"}],"version-history":[{"count":0,"href":"http:\/\/shinyyoustationery.com\/de\/wp-json\/wp\/v2\/product\/29954\/revisions"}],"wp:featuredmedia":[{"embeddable":true,"href":"http:\/\/shinyyoustationery.com\/de\/wp-json\/wp\/v2\/media\/29955"}],"wp:attachment":[{"href":"http:\/\/shinyyoustationery.com\/de\/wp-json\/wp\/v2\/media?parent=29954"}],"wp:term":[{"taxonomy":"product_brand","embeddable":true,"href":"http:\/\/shinyyoustationery.com\/de\/wp-json\/wp\/v2\/product_brand?post=29954"},{"taxonomy":"product_cat","embeddable":true,"href":"http:\/\/shinyyoustationery.com\/de\/wp-json\/wp\/v2\/product_cat?post=29954"},{"taxonomy":"product_tag","embeddable":true,"href":"http:\/\/shinyyoustationery.com\/de\/wp-json\/wp\/v2\/product_tag?post=29954"}],"curies":[{"name":"wp","href":"https:\/\/api.w.org\/{rel}","templated":true}]}}