{"id":29959,"date":"2025-05-21T01:04:52","date_gmt":"2025-05-21T09:04:52","guid":{"rendered":"http:\/\/45.63.70.205\/?post_type=product&#038;p=29959"},"modified":"2025-06-20T02:48:40","modified_gmt":"2025-06-20T10:48:40","slug":"wholesale-custom-minimalist-weekly-planner-with-floral-accent","status":"publish","type":"product","link":"http:\/\/shinyyoustationery.com\/de\/wholesale-custom-minimalist-weekly-planner-with-floral-accent\/","title":{"rendered":"Gro\u00dfhandel benutzerdefinierte minimalistische w\u00f6chentliche Planer mit floralen Akzent"},"content":{"rendered":"","protected":false},"excerpt":{"rendered":"<p>Bleiben Sie organisiert mit diesem einfachen und eleganten Wochenplaner. Mit seinem \u00fcbersichtlichen Layout f\u00fcr jeden Tag der Woche ist er perfekt f\u00fcr die Planung Ihrer Aufgaben und Termine. Der gr\u00fcne Einband mit zartem Blumendesign verleiht Ihrem Arbeitsbereich einen erfrischenden Hauch von Natur. Dieser kompakte und leicht zu tragende Planer hilft Ihnen, Ihren Terminplan mit Stil zu bew\u00e4ltigen. Perfekt f\u00fcr alle, die gerne planen, mit einem minimalistischen und doch charmanten Design.<\/p>","protected":false},"featured_media":32970,"template":"","meta":[],"product_brand":[],"product_cat":[681,669],"product_tag":[],"class_list":{"0":"post-29959","1":"product","2":"type-product","3":"status-publish","4":"has-post-thumbnail","6":"product_cat-green-collection","7":"product_cat-planners","9":"first","10":"instock","11":"shipping-taxable","12":"product-type-simple"},"_links":{"self":[{"href":"http:\/\/shinyyoustationery.com\/de\/wp-json\/wp\/v2\/product\/29959","targetHints":{"allow":["GET"]}}],"collection":[{"href":"http:\/\/shinyyoustationery.com\/de\/wp-json\/wp\/v2\/product"}],"about":[{"href":"http:\/\/shinyyoustationery.com\/de\/wp-json\/wp\/v2\/types\/product"}],"version-history":[{"count":0,"href":"http:\/\/shinyyoustationery.com\/de\/wp-json\/wp\/v2\/product\/29959\/revisions"}],"wp:featuredmedia":[{"embeddable":true,"href":"http:\/\/shinyyoustationery.com\/de\/wp-json\/wp\/v2\/media\/32970"}],"wp:attachment":[{"href":"http:\/\/shinyyoustationery.com\/de\/wp-json\/wp\/v2\/media?parent=29959"}],"wp:term":[{"taxonomy":"product_brand","embeddable":true,"href":"http:\/\/shinyyoustationery.com\/de\/wp-json\/wp\/v2\/product_brand?post=29959"},{"taxonomy":"product_cat","embeddable":true,"href":"http:\/\/shinyyoustationery.com\/de\/wp-json\/wp\/v2\/product_cat?post=29959"},{"taxonomy":"product_tag","embeddable":true,"href":"http:\/\/shinyyoustationery.com\/de\/wp-json\/wp\/v2\/product_tag?post=29959"}],"curies":[{"name":"wp","href":"https:\/\/api.w.org\/{rel}","templated":true}]}}