{"id":29968,"date":"2025-05-21T01:11:38","date_gmt":"2025-05-21T09:11:38","guid":{"rendered":"http:\/\/45.63.70.205\/?post_type=product&#038;p=29968"},"modified":"2025-06-23T01:32:13","modified_gmt":"2025-06-23T09:32:13","slug":"wholesale-custom-daily-to-do-list-schedule-notepad-with-citrus-print","status":"publish","type":"product","link":"http:\/\/shinyyoustationery.com\/de\/wholesale-custom-daily-to-do-list-schedule-notepad-with-citrus-print\/","title":{"rendered":"Gro\u00dfhandel benutzerdefinierte t\u00e4gliche To-Do-Liste &amp; Zeitplan Notizblock mit Zitrusfr\u00fcchten drucken"},"content":{"rendered":"","protected":false},"excerpt":{"rendered":"<p>Erh\u00f6hen Sie Ihre Produktivit\u00e4t mit diesem leuchtenden Tagesplaner mit Zitrusfruchtmotiv! Dieser A5-Notizblock enth\u00e4lt Abschnitte f\u00fcr Ihre Aufgabenliste, den Stundenplan (7.00 - 9.00 Uhr) und kurze Notizen und organisiert Ihren Tag auf lustige und erfrischende Weise. Der fr\u00f6hliche gelbe und blaue Hintergrund bringt Farbe auf den Schreibtisch und sorgt daf\u00fcr, dass sich die Planung des Tages frisch und energiegeladen anf\u00fchlt. Perfekt f\u00fcr zu Hause, im B\u00fcro oder in der Schule.<\/p>","protected":false},"featured_media":33124,"template":"","meta":[],"product_brand":[],"product_cat":[669,682],"product_tag":[],"class_list":{"0":"post-29968","1":"product","2":"type-product","3":"status-publish","4":"has-post-thumbnail","6":"product_cat-planners","7":"product_cat-lemon-collection","9":"first","10":"instock","11":"shipping-taxable","12":"product-type-simple"},"_links":{"self":[{"href":"http:\/\/shinyyoustationery.com\/de\/wp-json\/wp\/v2\/product\/29968","targetHints":{"allow":["GET"]}}],"collection":[{"href":"http:\/\/shinyyoustationery.com\/de\/wp-json\/wp\/v2\/product"}],"about":[{"href":"http:\/\/shinyyoustationery.com\/de\/wp-json\/wp\/v2\/types\/product"}],"version-history":[{"count":0,"href":"http:\/\/shinyyoustationery.com\/de\/wp-json\/wp\/v2\/product\/29968\/revisions"}],"wp:featuredmedia":[{"embeddable":true,"href":"http:\/\/shinyyoustationery.com\/de\/wp-json\/wp\/v2\/media\/33124"}],"wp:attachment":[{"href":"http:\/\/shinyyoustationery.com\/de\/wp-json\/wp\/v2\/media?parent=29968"}],"wp:term":[{"taxonomy":"product_brand","embeddable":true,"href":"http:\/\/shinyyoustationery.com\/de\/wp-json\/wp\/v2\/product_brand?post=29968"},{"taxonomy":"product_cat","embeddable":true,"href":"http:\/\/shinyyoustationery.com\/de\/wp-json\/wp\/v2\/product_cat?post=29968"},{"taxonomy":"product_tag","embeddable":true,"href":"http:\/\/shinyyoustationery.com\/de\/wp-json\/wp\/v2\/product_tag?post=29968"}],"curies":[{"name":"wp","href":"https:\/\/api.w.org\/{rel}","templated":true}]}}