{"id":29977,"date":"2025-05-21T01:23:40","date_gmt":"2025-05-21T09:23:40","guid":{"rendered":"http:\/\/45.63.70.205\/?post_type=product&#038;p=29977"},"modified":"2025-06-24T00:53:19","modified_gmt":"2025-06-24T08:53:19","slug":"wholesale-custom-a5-reusable-notebook-made-from-recycled-pet","status":"publish","type":"product","link":"http:\/\/shinyyoustationery.com\/de\/wholesale-custom-a5-reusable-notebook-made-from-recycled-pet\/","title":{"rendered":"Gro\u00dfhandel Custom A5 wiederverwendbare Notebook - aus recyceltem PET hergestellt"},"content":{"rendered":"","protected":false},"excerpt":{"rendered":"<p>Mit diesem blauen A5-Spiralnotizbuch mit der Aufschrift \"I'm your Reusable Notebook!\" sind Sie auf der sicheren Seite. Dieses umweltfreundliche Notizbuch aus PET-Spinnfasern ist f\u00fcr den wiederholten Gebrauch konzipiert und reduziert den Papierabfall, w\u00e4hrend Ihre Notizen klar und \u00fcbersichtlich bleiben. Ideal f\u00fcr Studenten, Berufst\u00e4tige und alle, die sich f\u00fcr Nachhaltigkeit einsetzen, ohne dabei auf Stil zu verzichten.<\/p>","protected":false},"featured_media":33315,"template":"","meta":[],"product_brand":[],"product_cat":[387,493,683],"product_tag":[],"class_list":{"0":"post-29977","1":"product","2":"type-product","3":"status-publish","4":"has-post-thumbnail","6":"product_cat-notebooks-journals","7":"product_cat-spiral-notebook","8":"product_cat-eco-friendly-collection","10":"first","11":"instock","12":"shipping-taxable","13":"product-type-simple"},"_links":{"self":[{"href":"http:\/\/shinyyoustationery.com\/de\/wp-json\/wp\/v2\/product\/29977","targetHints":{"allow":["GET"]}}],"collection":[{"href":"http:\/\/shinyyoustationery.com\/de\/wp-json\/wp\/v2\/product"}],"about":[{"href":"http:\/\/shinyyoustationery.com\/de\/wp-json\/wp\/v2\/types\/product"}],"version-history":[{"count":0,"href":"http:\/\/shinyyoustationery.com\/de\/wp-json\/wp\/v2\/product\/29977\/revisions"}],"wp:featuredmedia":[{"embeddable":true,"href":"http:\/\/shinyyoustationery.com\/de\/wp-json\/wp\/v2\/media\/33315"}],"wp:attachment":[{"href":"http:\/\/shinyyoustationery.com\/de\/wp-json\/wp\/v2\/media?parent=29977"}],"wp:term":[{"taxonomy":"product_brand","embeddable":true,"href":"http:\/\/shinyyoustationery.com\/de\/wp-json\/wp\/v2\/product_brand?post=29977"},{"taxonomy":"product_cat","embeddable":true,"href":"http:\/\/shinyyoustationery.com\/de\/wp-json\/wp\/v2\/product_cat?post=29977"},{"taxonomy":"product_tag","embeddable":true,"href":"http:\/\/shinyyoustationery.com\/de\/wp-json\/wp\/v2\/product_tag?post=29977"}],"curies":[{"name":"wp","href":"https:\/\/api.w.org\/{rel}","templated":true}]}}