{"id":29985,"date":"2025-05-21T01:39:40","date_gmt":"2025-05-21T09:39:40","guid":{"rendered":"http:\/\/45.63.70.205\/?post_type=product&#038;p=29985"},"modified":"2025-06-20T03:05:55","modified_gmt":"2025-06-20T11:05:55","slug":"wholesale-custom-green-gold-washi-tape-set-4-rolls","status":"publish","type":"product","link":"http:\/\/shinyyoustationery.com\/de\/wholesale-custom-green-gold-washi-tape-set-4-rolls\/","title":{"rendered":"Gro\u00dfhandel benutzerdefinierte gr\u00fcn &amp; Gold Washi Tape Set - 4 Rollen"},"content":{"rendered":"","protected":false},"excerpt":{"rendered":"<p>Verleihen Sie Ihren Bastelarbeiten einen Hauch von Eleganz mit diesem wundersch\u00f6nen Set aus Washi-Tapes in satten Gr\u00fcn- und Goldt\u00f6nen. Das Set enth\u00e4lt eine Mischung aus matten, metallischen und glitzernden Ausf\u00fchrungen, die sich perfekt f\u00fcr Journaling, Scrapbooking, Geschenkverpackungen und DIY-Dekoration eignen. Dieses Set ist in einer gebl\u00fcmten Kraftbox untergebracht und eignet sich hervorragend als Geschenk oder als stilvolle Erg\u00e4nzung Ihrer Papeterie-Sammlung.<\/p>","protected":false},"featured_media":32978,"template":"","meta":[],"product_brand":[],"product_cat":[443,681],"product_tag":[],"class_list":{"0":"post-29985","1":"product","2":"type-product","3":"status-publish","4":"has-post-thumbnail","6":"product_cat-tape","7":"product_cat-green-collection","9":"first","10":"instock","11":"shipping-taxable","12":"product-type-simple"},"_links":{"self":[{"href":"http:\/\/shinyyoustationery.com\/de\/wp-json\/wp\/v2\/product\/29985","targetHints":{"allow":["GET"]}}],"collection":[{"href":"http:\/\/shinyyoustationery.com\/de\/wp-json\/wp\/v2\/product"}],"about":[{"href":"http:\/\/shinyyoustationery.com\/de\/wp-json\/wp\/v2\/types\/product"}],"version-history":[{"count":0,"href":"http:\/\/shinyyoustationery.com\/de\/wp-json\/wp\/v2\/product\/29985\/revisions"}],"wp:featuredmedia":[{"embeddable":true,"href":"http:\/\/shinyyoustationery.com\/de\/wp-json\/wp\/v2\/media\/32978"}],"wp:attachment":[{"href":"http:\/\/shinyyoustationery.com\/de\/wp-json\/wp\/v2\/media?parent=29985"}],"wp:term":[{"taxonomy":"product_brand","embeddable":true,"href":"http:\/\/shinyyoustationery.com\/de\/wp-json\/wp\/v2\/product_brand?post=29985"},{"taxonomy":"product_cat","embeddable":true,"href":"http:\/\/shinyyoustationery.com\/de\/wp-json\/wp\/v2\/product_cat?post=29985"},{"taxonomy":"product_tag","embeddable":true,"href":"http:\/\/shinyyoustationery.com\/de\/wp-json\/wp\/v2\/product_tag?post=29985"}],"curies":[{"name":"wp","href":"https:\/\/api.w.org\/{rel}","templated":true}]}}