{"id":30010,"date":"2025-05-21T02:05:48","date_gmt":"2025-05-21T10:05:48","guid":{"rendered":"http:\/\/45.63.70.205\/?post_type=product&#038;p=30010"},"modified":"2025-06-23T23:50:51","modified_gmt":"2025-06-24T07:50:51","slug":"wholesale-custom-kraft-sticky-notes-set","status":"publish","type":"product","link":"http:\/\/shinyyoustationery.com\/de\/wholesale-custom-kraft-sticky-notes-set\/","title":{"rendered":"Gro\u00dfhandel Custom Kraft Haftnotizen Set"},"content":{"rendered":"","protected":false},"excerpt":{"rendered":"<p>Mit diesem umweltfreundlichen Haftnotizenset halten Sie Ihren Arbeitsbereich ordentlich und stilvoll. Verpackt in einer Box aus Kraftpapier mit minimalistischem gr\u00fcnem Akzent, enth\u00e4lt es 300 Blatt klassischer gelber Haftnotizen - perfekt f\u00fcr schnelle Erinnerungen, Beschriftungen oder To-Do-Listen. Eine funktionale und nachhaltige Erg\u00e4nzung f\u00fcr jeden Schreibtisch, ob zu Hause, in der Schule oder im B\u00fcro.<\/p>","protected":false},"featured_media":33290,"template":"","meta":[],"product_brand":[],"product_cat":[385,683],"product_tag":[],"class_list":{"0":"post-30010","1":"product","2":"type-product","3":"status-publish","4":"has-post-thumbnail","6":"product_cat-sticky-note","7":"product_cat-eco-friendly-collection","9":"first","10":"instock","11":"shipping-taxable","12":"product-type-simple"},"_links":{"self":[{"href":"http:\/\/shinyyoustationery.com\/de\/wp-json\/wp\/v2\/product\/30010","targetHints":{"allow":["GET"]}}],"collection":[{"href":"http:\/\/shinyyoustationery.com\/de\/wp-json\/wp\/v2\/product"}],"about":[{"href":"http:\/\/shinyyoustationery.com\/de\/wp-json\/wp\/v2\/types\/product"}],"version-history":[{"count":0,"href":"http:\/\/shinyyoustationery.com\/de\/wp-json\/wp\/v2\/product\/30010\/revisions"}],"wp:featuredmedia":[{"embeddable":true,"href":"http:\/\/shinyyoustationery.com\/de\/wp-json\/wp\/v2\/media\/33290"}],"wp:attachment":[{"href":"http:\/\/shinyyoustationery.com\/de\/wp-json\/wp\/v2\/media?parent=30010"}],"wp:term":[{"taxonomy":"product_brand","embeddable":true,"href":"http:\/\/shinyyoustationery.com\/de\/wp-json\/wp\/v2\/product_brand?post=30010"},{"taxonomy":"product_cat","embeddable":true,"href":"http:\/\/shinyyoustationery.com\/de\/wp-json\/wp\/v2\/product_cat?post=30010"},{"taxonomy":"product_tag","embeddable":true,"href":"http:\/\/shinyyoustationery.com\/de\/wp-json\/wp\/v2\/product_tag?post=30010"}],"curies":[{"name":"wp","href":"https:\/\/api.w.org\/{rel}","templated":true}]}}