{"id":30013,"date":"2025-05-21T02:07:41","date_gmt":"2025-05-21T10:07:41","guid":{"rendered":"http:\/\/45.63.70.205\/?post_type=product&#038;p=30013"},"modified":"2025-07-14T00:48:06","modified_gmt":"2025-07-14T08:48:06","slug":"wholesale-custom-lemon-themed-sticky-note-storage-box-set","status":"publish","type":"product","link":"http:\/\/shinyyoustationery.com\/de\/wholesale-custom-lemon-themed-sticky-note-storage-box-set\/","title":{"rendered":"Gro\u00dfhandel benutzerdefinierte Zitrone-Thema Haftnotiz Storage Box Set"},"content":{"rendered":"","protected":false},"excerpt":{"rendered":"<p>Bringen Sie frischen Wind auf Ihren Schreibtisch mit dieser verspielten Haftnotizbox mit Zitronenmotiv! Der in fr\u00f6hlichen Gelb- und Blaut\u00f6nen gestaltete, ausklappbare Organizer enth\u00e4lt verschiedene Haftnotizen und Papierf\u00e4hnchen in unterschiedlichen Gr\u00f6\u00dfen und Farbt\u00f6nen. Perfekt f\u00fcr schnelle Erinnerungen, zum Organisieren von Pl\u00e4nen oder um Ihrem Arbeitsplatz einen Hauch von Spa\u00df zu verleihen. Kompakt, farbenfroh und funktional - wie ein frischer Spritzer Zitrone f\u00fcr Ihren Tag!<\/p>","protected":false},"featured_media":33109,"template":"","meta":[],"product_brand":[],"product_cat":[516,675,682,385,402,427],"product_tag":[],"class_list":{"0":"post-30013","1":"product","2":"type-product","3":"status-publish","4":"has-post-thumbnail","6":"product_cat-storage-bin-box","7":"product_cat-school-desk-organizer","8":"product_cat-lemon-collection","9":"product_cat-sticky-note","10":"product_cat-desk-organizer-accessories","11":"product_cat-desk-organizer","13":"first","14":"instock","15":"shipping-taxable","16":"product-type-simple"},"_links":{"self":[{"href":"http:\/\/shinyyoustationery.com\/de\/wp-json\/wp\/v2\/product\/30013","targetHints":{"allow":["GET"]}}],"collection":[{"href":"http:\/\/shinyyoustationery.com\/de\/wp-json\/wp\/v2\/product"}],"about":[{"href":"http:\/\/shinyyoustationery.com\/de\/wp-json\/wp\/v2\/types\/product"}],"version-history":[{"count":0,"href":"http:\/\/shinyyoustationery.com\/de\/wp-json\/wp\/v2\/product\/30013\/revisions"}],"wp:featuredmedia":[{"embeddable":true,"href":"http:\/\/shinyyoustationery.com\/de\/wp-json\/wp\/v2\/media\/33109"}],"wp:attachment":[{"href":"http:\/\/shinyyoustationery.com\/de\/wp-json\/wp\/v2\/media?parent=30013"}],"wp:term":[{"taxonomy":"product_brand","embeddable":true,"href":"http:\/\/shinyyoustationery.com\/de\/wp-json\/wp\/v2\/product_brand?post=30013"},{"taxonomy":"product_cat","embeddable":true,"href":"http:\/\/shinyyoustationery.com\/de\/wp-json\/wp\/v2\/product_cat?post=30013"},{"taxonomy":"product_tag","embeddable":true,"href":"http:\/\/shinyyoustationery.com\/de\/wp-json\/wp\/v2\/product_tag?post=30013"}],"curies":[{"name":"wp","href":"https:\/\/api.w.org\/{rel}","templated":true}]}}