{"id":30021,"date":"2025-05-21T03:14:47","date_gmt":"2025-05-21T11:14:47","guid":{"rendered":"http:\/\/45.63.70.205\/?post_type=product&#038;p=30021"},"modified":"2025-05-21T03:14:47","modified_gmt":"2025-05-21T11:14:47","slug":"wholesale-custom-lavender-pencil-case-with-white-leaf-print","status":"publish","type":"product","link":"http:\/\/shinyyoustationery.com\/de\/wholesale-custom-lavender-pencil-case-with-white-leaf-print\/","title":{"rendered":"Gro\u00dfhandel benutzerdefinierte Lavendel Federtasche mit wei\u00dfen Blatt drucken"},"content":{"rendered":"","protected":false},"excerpt":{"rendered":"<p>Mit diesem lavendelfarbenen Federm\u00e4ppchen verleihen Sie Ihrer Schreibwarensammlung einen sanften und stilvollen Touch. Mit einem zarten wei\u00dfen Blattmuster und einem glatten Rei\u00dfverschluss ist es perfekt f\u00fcr die Aufbewahrung von Stiften, Bleistiften und kleinen Accessoires. Dieses kompakte und dennoch ger\u00e4umige Etui sorgt f\u00fcr Ordnung, egal ob in der Schule, bei der Arbeit oder unterwegs.<\/p>","protected":false},"featured_media":30023,"template":"","meta":[],"product_brand":[],"product_cat":[404,520],"product_tag":[],"class_list":{"0":"post-30021","1":"product","2":"type-product","3":"status-publish","4":"has-post-thumbnail","6":"product_cat-bags-cases","7":"product_cat-pencil-case-pouch","9":"first","10":"instock","11":"shipping-taxable","12":"product-type-simple"},"_links":{"self":[{"href":"http:\/\/shinyyoustationery.com\/de\/wp-json\/wp\/v2\/product\/30021","targetHints":{"allow":["GET"]}}],"collection":[{"href":"http:\/\/shinyyoustationery.com\/de\/wp-json\/wp\/v2\/product"}],"about":[{"href":"http:\/\/shinyyoustationery.com\/de\/wp-json\/wp\/v2\/types\/product"}],"version-history":[{"count":0,"href":"http:\/\/shinyyoustationery.com\/de\/wp-json\/wp\/v2\/product\/30021\/revisions"}],"wp:featuredmedia":[{"embeddable":true,"href":"http:\/\/shinyyoustationery.com\/de\/wp-json\/wp\/v2\/media\/30023"}],"wp:attachment":[{"href":"http:\/\/shinyyoustationery.com\/de\/wp-json\/wp\/v2\/media?parent=30021"}],"wp:term":[{"taxonomy":"product_brand","embeddable":true,"href":"http:\/\/shinyyoustationery.com\/de\/wp-json\/wp\/v2\/product_brand?post=30021"},{"taxonomy":"product_cat","embeddable":true,"href":"http:\/\/shinyyoustationery.com\/de\/wp-json\/wp\/v2\/product_cat?post=30021"},{"taxonomy":"product_tag","embeddable":true,"href":"http:\/\/shinyyoustationery.com\/de\/wp-json\/wp\/v2\/product_tag?post=30021"}],"curies":[{"name":"wp","href":"https:\/\/api.w.org\/{rel}","templated":true}]}}