{"id":30034,"date":"2025-05-21T03:54:30","date_gmt":"2025-05-21T11:54:30","guid":{"rendered":"http:\/\/45.63.70.205\/?post_type=product&#038;p=30034"},"modified":"2025-07-07T10:57:21","modified_gmt":"2025-07-07T02:57:21","slug":"wholesale-custom-lemon-spiral-notebook-with-zipper-pouch-accessories","status":"publish","type":"product","link":"http:\/\/shinyyoustationery.com\/de\/wholesale-custom-lemon-spiral-notebook-with-zipper-pouch-accessories\/","title":{"rendered":"Gro\u00dfhandel benutzerdefinierte Zitrone Spirale Notebook mit Zipper Pouch &amp; Zubeh\u00f6r"},"content":{"rendered":"","protected":false},"excerpt":{"rendered":"<p>Mit diesem lustigen Spiral-Notizbuch mit Zitronenmuster sind Sie immer gut organisiert! Es wird mit einer integrierten transparenten Rei\u00dfverschlusstasche geliefert, die mit passenden Schreibutensilien gef\u00fcllt ist - darunter Washi-Tape, Haftnotizen, ein Lineal, ein Bleistift und eine Heftklammer. Der strapazierf\u00e4hige Einband und die Drahtbindung des Notizbuchs machen es perfekt f\u00fcr die Schule, f\u00fcr Tageb\u00fccher oder kreative Projekte. Ein erfrischendes All-in-One-Set, das den Alltag mit Zitrusfr\u00fcchten aufpeppt!<\/p>","protected":false},"featured_media":34753,"template":"","meta":[],"product_brand":[],"product_cat":[331,493,682],"product_tag":[],"class_list":{"0":"post-30034","1":"product","2":"type-product","3":"status-publish","4":"has-post-thumbnail","6":"product_cat-stationery-set","7":"product_cat-spiral-notebook","8":"product_cat-lemon-collection","10":"first","11":"instock","12":"shipping-taxable","13":"product-type-simple"},"_links":{"self":[{"href":"http:\/\/shinyyoustationery.com\/de\/wp-json\/wp\/v2\/product\/30034","targetHints":{"allow":["GET"]}}],"collection":[{"href":"http:\/\/shinyyoustationery.com\/de\/wp-json\/wp\/v2\/product"}],"about":[{"href":"http:\/\/shinyyoustationery.com\/de\/wp-json\/wp\/v2\/types\/product"}],"version-history":[{"count":0,"href":"http:\/\/shinyyoustationery.com\/de\/wp-json\/wp\/v2\/product\/30034\/revisions"}],"wp:featuredmedia":[{"embeddable":true,"href":"http:\/\/shinyyoustationery.com\/de\/wp-json\/wp\/v2\/media\/34753"}],"wp:attachment":[{"href":"http:\/\/shinyyoustationery.com\/de\/wp-json\/wp\/v2\/media?parent=30034"}],"wp:term":[{"taxonomy":"product_brand","embeddable":true,"href":"http:\/\/shinyyoustationery.com\/de\/wp-json\/wp\/v2\/product_brand?post=30034"},{"taxonomy":"product_cat","embeddable":true,"href":"http:\/\/shinyyoustationery.com\/de\/wp-json\/wp\/v2\/product_cat?post=30034"},{"taxonomy":"product_tag","embeddable":true,"href":"http:\/\/shinyyoustationery.com\/de\/wp-json\/wp\/v2\/product_tag?post=30034"}],"curies":[{"name":"wp","href":"https:\/\/api.w.org\/{rel}","templated":true}]}}