{"id":30038,"date":"2025-05-21T04:02:00","date_gmt":"2025-05-21T12:02:00","guid":{"rendered":"http:\/\/45.63.70.205\/?post_type=product&#038;p=30038"},"modified":"2025-06-23T18:17:39","modified_gmt":"2025-06-24T02:17:39","slug":"wholesale-custom-lemon-hardcover-notebook","status":"publish","type":"product","link":"http:\/\/shinyyoustationery.com\/de\/wholesale-custom-lemon-hardcover-notebook\/","title":{"rendered":"Gro\u00dfhandel benutzerdefinierte Zitrone Hardcover Notebook"},"content":{"rendered":"","protected":false},"excerpt":{"rendered":"<p>Bringen Sie frischen Wind auf Ihren Schreibtisch mit diesem leuchtenden Hardcover-Notizbuch mit Zitronenmotiv! Es hat einen weichen PU-Einband in Zitrusgelb und Pastellblau und wird mit einem passenden Stift mit Blumenanh\u00e4nger geliefert. Die magnetische Klappe h\u00e4lt Ihre Notizen sicher fest, w\u00e4hrend die eingebaute Stiftschlaufe daf\u00fcr sorgt, dass Sie immer bereit sind, Ideen zu notieren. Perfekt f\u00fcr Tagebucheintragungen, Listen oder als Geschenk mit einem Hauch von fr\u00f6hlichem Stil.<\/p>","protected":false},"featured_media":33113,"template":"","meta":[],"product_brand":[],"product_cat":[682,387,667],"product_tag":[],"class_list":{"0":"post-30038","1":"product","2":"type-product","3":"status-publish","4":"has-post-thumbnail","6":"product_cat-lemon-collection","7":"product_cat-notebooks-journals","8":"product_cat-hardcover-notebook","10":"first","11":"instock","12":"shipping-taxable","13":"product-type-simple"},"_links":{"self":[{"href":"http:\/\/shinyyoustationery.com\/de\/wp-json\/wp\/v2\/product\/30038","targetHints":{"allow":["GET"]}}],"collection":[{"href":"http:\/\/shinyyoustationery.com\/de\/wp-json\/wp\/v2\/product"}],"about":[{"href":"http:\/\/shinyyoustationery.com\/de\/wp-json\/wp\/v2\/types\/product"}],"version-history":[{"count":0,"href":"http:\/\/shinyyoustationery.com\/de\/wp-json\/wp\/v2\/product\/30038\/revisions"}],"wp:featuredmedia":[{"embeddable":true,"href":"http:\/\/shinyyoustationery.com\/de\/wp-json\/wp\/v2\/media\/33113"}],"wp:attachment":[{"href":"http:\/\/shinyyoustationery.com\/de\/wp-json\/wp\/v2\/media?parent=30038"}],"wp:term":[{"taxonomy":"product_brand","embeddable":true,"href":"http:\/\/shinyyoustationery.com\/de\/wp-json\/wp\/v2\/product_brand?post=30038"},{"taxonomy":"product_cat","embeddable":true,"href":"http:\/\/shinyyoustationery.com\/de\/wp-json\/wp\/v2\/product_cat?post=30038"},{"taxonomy":"product_tag","embeddable":true,"href":"http:\/\/shinyyoustationery.com\/de\/wp-json\/wp\/v2\/product_tag?post=30038"}],"curies":[{"name":"wp","href":"https:\/\/api.w.org\/{rel}","templated":true}]}}