{"id":30043,"date":"2025-05-21T04:07:47","date_gmt":"2025-05-21T12:07:47","guid":{"rendered":"http:\/\/45.63.70.205\/?post_type=product&#038;p=30043"},"modified":"2025-06-23T00:57:30","modified_gmt":"2025-06-23T08:57:30","slug":"wholesale-custom-lemon-shaped-spiral-notebook","status":"publish","type":"product","link":"http:\/\/shinyyoustationery.com\/de\/wholesale-custom-lemon-shaped-spiral-notebook\/","title":{"rendered":"Gro\u00dfhandel benutzerdefinierte Zitrone geformt Spirale Notebook"},"content":{"rendered":"","protected":false},"excerpt":{"rendered":"<p>Verleihen Sie Ihren Schreibwaren eine saftige Note mit diesem Spiralnotizbuch in Zitronenform! Mit seinem gestanzten Hardcover in einem leuchtend gelben und t\u00fcrkisfarbenen Zitronenmotiv ist es sowohl verspielt als auch praktisch. Dank der stabilen Drahtbindung l\u00e4sst es sich leicht umbl\u00e4ttern und eignet sich perfekt f\u00fcr Notizen, Kritzeleien oder Tagebucheintragungen unterwegs. Eine lustige und fr\u00f6hliche Erg\u00e4nzung f\u00fcr jede Schultasche, jeden Schreibtisch oder jedes Geschenkset.<\/p>","protected":false},"featured_media":33115,"template":"","meta":[],"product_brand":[],"product_cat":[387,493,682],"product_tag":[],"class_list":{"0":"post-30043","1":"product","2":"type-product","3":"status-publish","4":"has-post-thumbnail","6":"product_cat-notebooks-journals","7":"product_cat-spiral-notebook","8":"product_cat-lemon-collection","10":"first","11":"instock","12":"shipping-taxable","13":"product-type-simple"},"_links":{"self":[{"href":"http:\/\/shinyyoustationery.com\/de\/wp-json\/wp\/v2\/product\/30043","targetHints":{"allow":["GET"]}}],"collection":[{"href":"http:\/\/shinyyoustationery.com\/de\/wp-json\/wp\/v2\/product"}],"about":[{"href":"http:\/\/shinyyoustationery.com\/de\/wp-json\/wp\/v2\/types\/product"}],"version-history":[{"count":0,"href":"http:\/\/shinyyoustationery.com\/de\/wp-json\/wp\/v2\/product\/30043\/revisions"}],"wp:featuredmedia":[{"embeddable":true,"href":"http:\/\/shinyyoustationery.com\/de\/wp-json\/wp\/v2\/media\/33115"}],"wp:attachment":[{"href":"http:\/\/shinyyoustationery.com\/de\/wp-json\/wp\/v2\/media?parent=30043"}],"wp:term":[{"taxonomy":"product_brand","embeddable":true,"href":"http:\/\/shinyyoustationery.com\/de\/wp-json\/wp\/v2\/product_brand?post=30043"},{"taxonomy":"product_cat","embeddable":true,"href":"http:\/\/shinyyoustationery.com\/de\/wp-json\/wp\/v2\/product_cat?post=30043"},{"taxonomy":"product_tag","embeddable":true,"href":"http:\/\/shinyyoustationery.com\/de\/wp-json\/wp\/v2\/product_tag?post=30043"}],"curies":[{"name":"wp","href":"https:\/\/api.w.org\/{rel}","templated":true}]}}