{"id":30106,"date":"2025-05-25T21:26:49","date_gmt":"2025-05-26T05:26:49","guid":{"rendered":"http:\/\/45.63.70.205\/?post_type=product&#038;p=30106"},"modified":"2025-06-25T22:40:52","modified_gmt":"2025-06-26T06:40:52","slug":"wholesale-custom-a5-pu-leather-journal-pink-and-black-for-office-school","status":"publish","type":"product","link":"http:\/\/shinyyoustationery.com\/de\/wholesale-custom-a5-pu-leather-journal-pink-and-black-for-office-school\/","title":{"rendered":"Gro\u00dfhandel benutzerdefinierte A5 PU-Leder-Journal - rosa und schwarz f\u00fcr B\u00fcro &amp; Schule"},"content":{"rendered":"","protected":false},"excerpt":{"rendered":"<p>Dieses A5-PU-Lederjournal ist eine stilvolle und praktische Wahl f\u00fcr Schule und B\u00fcro. Die Farboptionen Pink und Schwarz machen es zu einer lustigen Erg\u00e4nzung Ihrer Schreibwarensammlung. Mit seinem strapazierf\u00e4higen Hardcover eignet es sich perfekt zum Schreiben, Notieren oder f\u00fcr Tageb\u00fccher. Das praktische Gummiband sorgt daf\u00fcr, dass Ihre Seiten auch unterwegs sicher bleiben. Ideal f\u00fcr Studenten, Berufst\u00e4tige und alle, die ihre Gedanken gerne mit einem Hauch von Farbe ordnen.<\/p>","protected":false},"featured_media":33621,"template":"","meta":[],"product_brand":[],"product_cat":[387,667,684],"product_tag":[],"class_list":{"0":"post-30106","1":"product","2":"type-product","3":"status-publish","4":"has-post-thumbnail","6":"product_cat-notebooks-journals","7":"product_cat-hardcover-notebook","8":"product_cat-fashion-collection","10":"first","11":"instock","12":"shipping-taxable","13":"product-type-simple"},"_links":{"self":[{"href":"http:\/\/shinyyoustationery.com\/de\/wp-json\/wp\/v2\/product\/30106","targetHints":{"allow":["GET"]}}],"collection":[{"href":"http:\/\/shinyyoustationery.com\/de\/wp-json\/wp\/v2\/product"}],"about":[{"href":"http:\/\/shinyyoustationery.com\/de\/wp-json\/wp\/v2\/types\/product"}],"version-history":[{"count":0,"href":"http:\/\/shinyyoustationery.com\/de\/wp-json\/wp\/v2\/product\/30106\/revisions"}],"wp:featuredmedia":[{"embeddable":true,"href":"http:\/\/shinyyoustationery.com\/de\/wp-json\/wp\/v2\/media\/33621"}],"wp:attachment":[{"href":"http:\/\/shinyyoustationery.com\/de\/wp-json\/wp\/v2\/media?parent=30106"}],"wp:term":[{"taxonomy":"product_brand","embeddable":true,"href":"http:\/\/shinyyoustationery.com\/de\/wp-json\/wp\/v2\/product_brand?post=30106"},{"taxonomy":"product_cat","embeddable":true,"href":"http:\/\/shinyyoustationery.com\/de\/wp-json\/wp\/v2\/product_cat?post=30106"},{"taxonomy":"product_tag","embeddable":true,"href":"http:\/\/shinyyoustationery.com\/de\/wp-json\/wp\/v2\/product_tag?post=30106"}],"curies":[{"name":"wp","href":"https:\/\/api.w.org\/{rel}","templated":true}]}}