{"id":30128,"date":"2025-05-25T23:17:22","date_gmt":"2025-05-26T07:17:22","guid":{"rendered":"http:\/\/45.63.70.205\/?post_type=product&#038;p=30128"},"modified":"2025-06-24T02:36:37","modified_gmt":"2025-06-24T10:36:37","slug":"wholesale-custom-savage-not-average-holographic-notebook","status":"publish","type":"product","link":"http:\/\/shinyyoustationery.com\/de\/wholesale-custom-savage-not-average-holographic-notebook\/","title":{"rendered":"Gro\u00dfhandel Custom \"SAVAGE NOT AVERAGE\" Holographische Notebook"},"content":{"rendered":"","protected":false},"excerpt":{"rendered":"<p>Dieses auff\u00e4llige holografische Notizbuch zeigt den fetten Satz \"SAVAGE NOT AVERAGE\" in verspielten, bunten Buchstaben. Der schimmernde, reflektierende Einband verleiht ihm einen einzigartigen und lustigen Touch und macht es zum perfekten Accessoire f\u00fcr alle, die ihr Selbstbewusstsein und ihre Individualit\u00e4t zum Ausdruck bringen m\u00f6chten. Dieses Notizbuch ist ideal f\u00fcr Tagebucheintragungen, Notizen oder als Tagesplaner und verbindet Stil und Funktion auf eine Weise, die alles andere als durchschnittlich ist!<\/p>","protected":false},"featured_media":33354,"template":"","meta":[],"product_brand":[],"product_cat":[495,667],"product_tag":[],"class_list":{"0":"post-30128","1":"product","2":"type-product","3":"status-publish","4":"has-post-thumbnail","6":"product_cat-exercise-book","7":"product_cat-hardcover-notebook","9":"first","10":"instock","11":"shipping-taxable","12":"product-type-simple"},"_links":{"self":[{"href":"http:\/\/shinyyoustationery.com\/de\/wp-json\/wp\/v2\/product\/30128","targetHints":{"allow":["GET"]}}],"collection":[{"href":"http:\/\/shinyyoustationery.com\/de\/wp-json\/wp\/v2\/product"}],"about":[{"href":"http:\/\/shinyyoustationery.com\/de\/wp-json\/wp\/v2\/types\/product"}],"version-history":[{"count":0,"href":"http:\/\/shinyyoustationery.com\/de\/wp-json\/wp\/v2\/product\/30128\/revisions"}],"wp:featuredmedia":[{"embeddable":true,"href":"http:\/\/shinyyoustationery.com\/de\/wp-json\/wp\/v2\/media\/33354"}],"wp:attachment":[{"href":"http:\/\/shinyyoustationery.com\/de\/wp-json\/wp\/v2\/media?parent=30128"}],"wp:term":[{"taxonomy":"product_brand","embeddable":true,"href":"http:\/\/shinyyoustationery.com\/de\/wp-json\/wp\/v2\/product_brand?post=30128"},{"taxonomy":"product_cat","embeddable":true,"href":"http:\/\/shinyyoustationery.com\/de\/wp-json\/wp\/v2\/product_cat?post=30128"},{"taxonomy":"product_tag","embeddable":true,"href":"http:\/\/shinyyoustationery.com\/de\/wp-json\/wp\/v2\/product_tag?post=30128"}],"curies":[{"name":"wp","href":"https:\/\/api.w.org\/{rel}","templated":true}]}}