{"id":30133,"date":"2025-05-25T23:44:30","date_gmt":"2025-05-26T07:44:30","guid":{"rendered":"http:\/\/45.63.70.205\/?post_type=product&#038;p=30133"},"modified":"2025-08-04T00:57:09","modified_gmt":"2025-08-04T08:57:09","slug":"wholesale-custom-pink-fashion-pencil-case-fun-storage-for-school-office","status":"publish","type":"product","link":"http:\/\/shinyyoustationery.com\/de\/wholesale-custom-pink-fashion-pencil-case-fun-storage-for-school-office\/","title":{"rendered":"Gro\u00dfhandel benutzerdefinierte rosa Mode Federtasche - Spa\u00df Lagerung f\u00fcr Schule &amp; B\u00fcro"},"content":{"rendered":"","protected":false},"excerpt":{"rendered":"<p>Dieses leuchtend rosafarbene M\u00e4ppchen mit dem verspielten \"SASS A DAY\"-Design ist der perfekte Farbakzent f\u00fcr Ihre Schul- oder B\u00fcroutensilien. Es ist aus strapazierf\u00e4higem Material mit einem sicheren Rei\u00dfverschluss gefertigt und bietet reichlich Platz f\u00fcr Stifte, Bleistifte und andere wichtige Dinge. Ob f\u00fcr Studenten oder Berufst\u00e4tige, dieses lustige und funktionelle M\u00e4ppchen ist ideal, um Ihre Schreibwaren stilvoll zu organisieren.<\/p>","protected":false},"featured_media":33649,"template":"","meta":[],"product_brand":[],"product_cat":[520,684],"product_tag":[],"class_list":{"0":"post-30133","1":"product","2":"type-product","3":"status-publish","4":"has-post-thumbnail","6":"product_cat-pencil-case-pouch","7":"product_cat-fashion-collection","9":"first","10":"instock","11":"shipping-taxable","12":"product-type-simple"},"_links":{"self":[{"href":"http:\/\/shinyyoustationery.com\/de\/wp-json\/wp\/v2\/product\/30133","targetHints":{"allow":["GET"]}}],"collection":[{"href":"http:\/\/shinyyoustationery.com\/de\/wp-json\/wp\/v2\/product"}],"about":[{"href":"http:\/\/shinyyoustationery.com\/de\/wp-json\/wp\/v2\/types\/product"}],"version-history":[{"count":0,"href":"http:\/\/shinyyoustationery.com\/de\/wp-json\/wp\/v2\/product\/30133\/revisions"}],"wp:featuredmedia":[{"embeddable":true,"href":"http:\/\/shinyyoustationery.com\/de\/wp-json\/wp\/v2\/media\/33649"}],"wp:attachment":[{"href":"http:\/\/shinyyoustationery.com\/de\/wp-json\/wp\/v2\/media?parent=30133"}],"wp:term":[{"taxonomy":"product_brand","embeddable":true,"href":"http:\/\/shinyyoustationery.com\/de\/wp-json\/wp\/v2\/product_brand?post=30133"},{"taxonomy":"product_cat","embeddable":true,"href":"http:\/\/shinyyoustationery.com\/de\/wp-json\/wp\/v2\/product_cat?post=30133"},{"taxonomy":"product_tag","embeddable":true,"href":"http:\/\/shinyyoustationery.com\/de\/wp-json\/wp\/v2\/product_tag?post=30133"}],"curies":[{"name":"wp","href":"https:\/\/api.w.org\/{rel}","templated":true}]}}