{"id":30144,"date":"2025-05-26T00:17:00","date_gmt":"2025-05-26T08:17:00","guid":{"rendered":"http:\/\/45.63.70.205\/?post_type=product&#038;p=30144"},"modified":"2025-06-26T00:56:47","modified_gmt":"2025-06-26T08:56:47","slug":"wholesale-custom-copper-desk-paper-clip-holder-fashion-office-home-desk-accessory","status":"publish","type":"product","link":"http:\/\/shinyyoustationery.com\/de\/wholesale-custom-copper-desk-paper-clip-holder-fashion-office-home-desk-accessory\/","title":{"rendered":"Gro\u00dfhandel benutzerdefinierte Kupfer Schreibtisch B\u00fcroklammer Halter Mode B\u00fcro &amp; Home Desk Accessoire"},"content":{"rendered":"","protected":false},"excerpt":{"rendered":"<p>Dieser elegante B\u00fcroklammerhalter aus Kupfer verleiht jedem B\u00fcro- oder Heimarbeitsplatz einen eleganten Touch. Sein modernes, kuppelf\u00f6rmiges Design sorgt nicht nur f\u00fcr Ordnung in Ihren B\u00fcroklammern, sondern dient auch als stilvolles Schreibtisch-Accessoire. Durch die transparente Verpackung k\u00f6nnen Sie das funktionelle und zugleich schicke Design sehen, das eine perfekte Mischung aus Stil und Zweckm\u00e4\u00dfigkeit darstellt. Ideal, um Ordnung auf dem Schreibtisch zu halten und gleichzeitig ein bisschen Flair zu verbreiten.<\/p>","protected":false},"featured_media":33659,"template":"","meta":[],"product_brand":[],"product_cat":[421,427,684],"product_tag":[],"class_list":{"0":"post-30144","1":"product","2":"type-product","3":"status-publish","4":"has-post-thumbnail","6":"product_cat-paper-clip","7":"product_cat-desk-organizer","8":"product_cat-fashion-collection","10":"first","11":"instock","12":"shipping-taxable","13":"product-type-simple"},"_links":{"self":[{"href":"http:\/\/shinyyoustationery.com\/de\/wp-json\/wp\/v2\/product\/30144","targetHints":{"allow":["GET"]}}],"collection":[{"href":"http:\/\/shinyyoustationery.com\/de\/wp-json\/wp\/v2\/product"}],"about":[{"href":"http:\/\/shinyyoustationery.com\/de\/wp-json\/wp\/v2\/types\/product"}],"version-history":[{"count":0,"href":"http:\/\/shinyyoustationery.com\/de\/wp-json\/wp\/v2\/product\/30144\/revisions"}],"wp:featuredmedia":[{"embeddable":true,"href":"http:\/\/shinyyoustationery.com\/de\/wp-json\/wp\/v2\/media\/33659"}],"wp:attachment":[{"href":"http:\/\/shinyyoustationery.com\/de\/wp-json\/wp\/v2\/media?parent=30144"}],"wp:term":[{"taxonomy":"product_brand","embeddable":true,"href":"http:\/\/shinyyoustationery.com\/de\/wp-json\/wp\/v2\/product_brand?post=30144"},{"taxonomy":"product_cat","embeddable":true,"href":"http:\/\/shinyyoustationery.com\/de\/wp-json\/wp\/v2\/product_cat?post=30144"},{"taxonomy":"product_tag","embeddable":true,"href":"http:\/\/shinyyoustationery.com\/de\/wp-json\/wp\/v2\/product_tag?post=30144"}],"curies":[{"name":"wp","href":"https:\/\/api.w.org\/{rel}","templated":true}]}}