{"id":30172,"date":"2025-05-26T01:54:58","date_gmt":"2025-05-26T09:54:58","guid":{"rendered":"http:\/\/45.63.70.205\/?post_type=product&#038;p=30172"},"modified":"2025-05-26T01:55:42","modified_gmt":"2025-05-26T09:55:42","slug":"custom-revision-cards-perfect-for-study-notes-and-personalized-branding","status":"publish","type":"product","link":"http:\/\/shinyyoustationery.com\/de\/custom-revision-cards-perfect-for-study-notes-and-personalized-branding\/","title":{"rendered":"Individuelle Revisionskarten - perfekt f\u00fcr Studium, Notizen und pers\u00f6nliches Branding"},"content":{"rendered":"","protected":false},"excerpt":{"rendered":"<p>Unsere individuellen Revisionskarten sind ideal f\u00fcr Sch\u00fcler, Studenten, Lehrer und Unternehmen. Diese Karten aus strapazierf\u00e4higem, hochwertigem Material eignen sich perfekt zum Notieren, Wiederholen und Auswendiglernen. Gestalten Sie sie mit Ihrem Logo, Design oder Ihrer Botschaft f\u00fcr pers\u00f6nliche oder werbliche Zwecke. Die in verschiedenen Gr\u00f6\u00dfen und Ausf\u00fchrungen erh\u00e4ltlichen Karten sind ein praktisches und stilvolles Werkzeug zum Lernen und Organisieren. Ganz gleich, ob Sie sich auf Pr\u00fcfungen vorbereiten oder nach einer effektiven M\u00f6glichkeit suchen, f\u00fcr Ihre Marke zu werben, unsere individuellen Lernkarten sind die perfekte L\u00f6sung.<\/p>","protected":false},"featured_media":30173,"template":"","meta":[],"product_brand":[],"product_cat":[670],"product_tag":[],"class_list":{"0":"post-30172","1":"product","2":"type-product","3":"status-publish","4":"has-post-thumbnail","6":"product_cat-revision-card","8":"first","9":"instock","10":"shipping-taxable","11":"product-type-simple"},"_links":{"self":[{"href":"http:\/\/shinyyoustationery.com\/de\/wp-json\/wp\/v2\/product\/30172","targetHints":{"allow":["GET"]}}],"collection":[{"href":"http:\/\/shinyyoustationery.com\/de\/wp-json\/wp\/v2\/product"}],"about":[{"href":"http:\/\/shinyyoustationery.com\/de\/wp-json\/wp\/v2\/types\/product"}],"version-history":[{"count":0,"href":"http:\/\/shinyyoustationery.com\/de\/wp-json\/wp\/v2\/product\/30172\/revisions"}],"wp:featuredmedia":[{"embeddable":true,"href":"http:\/\/shinyyoustationery.com\/de\/wp-json\/wp\/v2\/media\/30173"}],"wp:attachment":[{"href":"http:\/\/shinyyoustationery.com\/de\/wp-json\/wp\/v2\/media?parent=30172"}],"wp:term":[{"taxonomy":"product_brand","embeddable":true,"href":"http:\/\/shinyyoustationery.com\/de\/wp-json\/wp\/v2\/product_brand?post=30172"},{"taxonomy":"product_cat","embeddable":true,"href":"http:\/\/shinyyoustationery.com\/de\/wp-json\/wp\/v2\/product_cat?post=30172"},{"taxonomy":"product_tag","embeddable":true,"href":"http:\/\/shinyyoustationery.com\/de\/wp-json\/wp\/v2\/product_tag?post=30172"}],"curies":[{"name":"wp","href":"https:\/\/api.w.org\/{rel}","templated":true}]}}