{"id":30178,"date":"2025-05-26T02:19:52","date_gmt":"2025-05-26T10:19:52","guid":{"rendered":"http:\/\/45.63.70.205\/?post_type=product&#038;p=30178"},"modified":"2025-05-26T02:19:52","modified_gmt":"2025-05-26T10:19:52","slug":"custom-poly-envelopes-stylish-and-practical-document-storage","status":"publish","type":"product","link":"http:\/\/shinyyoustationery.com\/de\/custom-poly-envelopes-stylish-and-practical-document-storage\/","title":{"rendered":"Individuell gestaltete Polyumschl\u00e4ge - stilvolle und praktische Dokumentenaufbewahrung"},"content":{"rendered":"","protected":false},"excerpt":{"rendered":"<p>Unsere benutzerdefinierten Poly-Umschl\u00e4ge vereinen Funktionalit\u00e4t und Stil und eignen sich perfekt f\u00fcr die Aufbewahrung von Dokumenten, Papieren und Schreibwaren. Mit trendigen Mustern wie geometrischen Formen und fetten Textdesigns bieten diese Umschl\u00e4ge eine modische M\u00f6glichkeit, Ordnung zu halten. Ganz gleich, ob Sie diese strapazierf\u00e4higen, wasserfesten Umschl\u00e4ge f\u00fcr Ihr Unternehmen, f\u00fcr Schulveranstaltungen oder f\u00fcr den privaten Gebrauch anpassen m\u00f6chten, sie k\u00f6nnen mit Logos, Botschaften oder kreativen Designs versehen werden, ganz wie Sie es w\u00fcnschen. Sie sind ideal, um wichtige Dokumente sicher aufzubewahren und gleichzeitig einen Hauch von Flair in Ihre Papiersammlung zu bringen.<\/p>","protected":false},"featured_media":30179,"template":"","meta":[],"product_brand":[],"product_cat":[380],"product_tag":[],"class_list":{"0":"post-30178","1":"product","2":"type-product","3":"status-publish","4":"has-post-thumbnail","6":"product_cat-school-stationery","8":"first","9":"instock","10":"shipping-taxable","11":"product-type-simple"},"_links":{"self":[{"href":"http:\/\/shinyyoustationery.com\/de\/wp-json\/wp\/v2\/product\/30178","targetHints":{"allow":["GET"]}}],"collection":[{"href":"http:\/\/shinyyoustationery.com\/de\/wp-json\/wp\/v2\/product"}],"about":[{"href":"http:\/\/shinyyoustationery.com\/de\/wp-json\/wp\/v2\/types\/product"}],"version-history":[{"count":0,"href":"http:\/\/shinyyoustationery.com\/de\/wp-json\/wp\/v2\/product\/30178\/revisions"}],"wp:featuredmedia":[{"embeddable":true,"href":"http:\/\/shinyyoustationery.com\/de\/wp-json\/wp\/v2\/media\/30179"}],"wp:attachment":[{"href":"http:\/\/shinyyoustationery.com\/de\/wp-json\/wp\/v2\/media?parent=30178"}],"wp:term":[{"taxonomy":"product_brand","embeddable":true,"href":"http:\/\/shinyyoustationery.com\/de\/wp-json\/wp\/v2\/product_brand?post=30178"},{"taxonomy":"product_cat","embeddable":true,"href":"http:\/\/shinyyoustationery.com\/de\/wp-json\/wp\/v2\/product_cat?post=30178"},{"taxonomy":"product_tag","embeddable":true,"href":"http:\/\/shinyyoustationery.com\/de\/wp-json\/wp\/v2\/product_tag?post=30178"}],"curies":[{"name":"wp","href":"https:\/\/api.w.org\/{rel}","templated":true}]}}