{"id":30196,"date":"2025-05-26T02:59:06","date_gmt":"2025-05-26T10:59:06","guid":{"rendered":"http:\/\/45.63.70.205\/?post_type=product&#038;p=30196"},"modified":"2025-07-02T19:45:38","modified_gmt":"2025-07-02T11:45:38","slug":"custom-stylish-striped-pencils-8-pack-set","status":"publish","type":"product","link":"http:\/\/shinyyoustationery.com\/de\/custom-stylish-striped-pencils-8-pack-set\/","title":{"rendered":"Benutzerdefinierte stilvolle gestreifte Bleistifte - 8-Pack Set"},"content":{"rendered":"","protected":false},"excerpt":{"rendered":"<p>Verleihen Sie Ihrem Schreiben einen Hauch von Raffinesse mit unseren Custom Striped Pencils. Jede Packung enth\u00e4lt 8 elegante Bleistifte mit auff\u00e4lligen schwarz-wei\u00dfen Streifen, die sowohl Funktionalit\u00e4t als auch Stil bieten. Diese Bleistifte eignen sich perfekt f\u00fcr Studenten, Berufst\u00e4tige oder Werbegeschenke und k\u00f6nnen problemlos mit Ihrem Logo oder Ihrer Botschaft versehen werden. Ganz gleich, ob Sie sie f\u00fcr das t\u00e4gliche Schreiben, f\u00fcr Schulprojekte oder als stilvolles Geschenk verwenden, diese Bleistifte hinterlassen mit Sicherheit einen guten Eindruck und bieten eine zuverl\u00e4ssige Leistung.<\/p>","protected":false},"featured_media":30215,"template":"","meta":[],"product_brand":[],"product_cat":[415],"product_tag":[],"class_list":{"0":"post-30196","1":"product","2":"type-product","3":"status-publish","4":"has-post-thumbnail","6":"product_cat-pen","8":"first","9":"instock","10":"shipping-taxable","11":"product-type-simple"},"_links":{"self":[{"href":"http:\/\/shinyyoustationery.com\/de\/wp-json\/wp\/v2\/product\/30196","targetHints":{"allow":["GET"]}}],"collection":[{"href":"http:\/\/shinyyoustationery.com\/de\/wp-json\/wp\/v2\/product"}],"about":[{"href":"http:\/\/shinyyoustationery.com\/de\/wp-json\/wp\/v2\/types\/product"}],"version-history":[{"count":0,"href":"http:\/\/shinyyoustationery.com\/de\/wp-json\/wp\/v2\/product\/30196\/revisions"}],"wp:featuredmedia":[{"embeddable":true,"href":"http:\/\/shinyyoustationery.com\/de\/wp-json\/wp\/v2\/media\/30215"}],"wp:attachment":[{"href":"http:\/\/shinyyoustationery.com\/de\/wp-json\/wp\/v2\/media?parent=30196"}],"wp:term":[{"taxonomy":"product_brand","embeddable":true,"href":"http:\/\/shinyyoustationery.com\/de\/wp-json\/wp\/v2\/product_brand?post=30196"},{"taxonomy":"product_cat","embeddable":true,"href":"http:\/\/shinyyoustationery.com\/de\/wp-json\/wp\/v2\/product_cat?post=30196"},{"taxonomy":"product_tag","embeddable":true,"href":"http:\/\/shinyyoustationery.com\/de\/wp-json\/wp\/v2\/product_tag?post=30196"}],"curies":[{"name":"wp","href":"https:\/\/api.w.org\/{rel}","templated":true}]}}