{"id":30198,"date":"2025-05-26T03:04:03","date_gmt":"2025-05-26T11:04:03","guid":{"rendered":"http:\/\/45.63.70.205\/?post_type=product&#038;p=30198"},"modified":"2025-07-02T19:45:30","modified_gmt":"2025-07-02T11:45:30","slug":"custom-colorful-highlighter-set-bold-polka-dot-design-4-pack","status":"publish","type":"product","link":"http:\/\/shinyyoustationery.com\/de\/custom-colorful-highlighter-set-bold-polka-dot-design-4-pack\/","title":{"rendered":"Individuelles farbenfrohes Textmarker-Set - k\u00fchnes Tupfen-Design (4er-Pack)"},"content":{"rendered":"","protected":false},"excerpt":{"rendered":"<p>Bringen Sie mit unserem Custom Polka Dot Highlighter Set frischen Wind in Ihre Lernsessions. Dieses 4er-Set enth\u00e4lt leuchtend pinke, gelbe, gr\u00fcne und blaue Textmarker mit einem stilvollen schwarz-wei\u00dfen Polka-Dot-Design. Perfekt, um Ihre Notizen zu ordnen, wichtige Informationen hervorzuheben und Ihrem Arbeitsbereich einen Farbtupfer zu verleihen. Personalisieren Sie diese Textmarker mit Ihrem Markenlogo oder individuellem Design f\u00fcr ein lustiges und funktionales Werbeprodukt. Ob f\u00fcr Studenten, Fachleute oder Werbegeschenke, diese Textmarker sind sicher, einen Eindruck zu machen!<\/p>","protected":false},"featured_media":30199,"template":"","meta":[],"product_brand":[],"product_cat":[415,418],"product_tag":[],"class_list":{"0":"post-30198","1":"product","2":"type-product","3":"status-publish","4":"has-post-thumbnail","6":"product_cat-pen","7":"product_cat-highlighter","9":"first","10":"instock","11":"shipping-taxable","12":"product-type-simple"},"_links":{"self":[{"href":"http:\/\/shinyyoustationery.com\/de\/wp-json\/wp\/v2\/product\/30198","targetHints":{"allow":["GET"]}}],"collection":[{"href":"http:\/\/shinyyoustationery.com\/de\/wp-json\/wp\/v2\/product"}],"about":[{"href":"http:\/\/shinyyoustationery.com\/de\/wp-json\/wp\/v2\/types\/product"}],"version-history":[{"count":0,"href":"http:\/\/shinyyoustationery.com\/de\/wp-json\/wp\/v2\/product\/30198\/revisions"}],"wp:featuredmedia":[{"embeddable":true,"href":"http:\/\/shinyyoustationery.com\/de\/wp-json\/wp\/v2\/media\/30199"}],"wp:attachment":[{"href":"http:\/\/shinyyoustationery.com\/de\/wp-json\/wp\/v2\/media?parent=30198"}],"wp:term":[{"taxonomy":"product_brand","embeddable":true,"href":"http:\/\/shinyyoustationery.com\/de\/wp-json\/wp\/v2\/product_brand?post=30198"},{"taxonomy":"product_cat","embeddable":true,"href":"http:\/\/shinyyoustationery.com\/de\/wp-json\/wp\/v2\/product_cat?post=30198"},{"taxonomy":"product_tag","embeddable":true,"href":"http:\/\/shinyyoustationery.com\/de\/wp-json\/wp\/v2\/product_tag?post=30198"}],"curies":[{"name":"wp","href":"https:\/\/api.w.org\/{rel}","templated":true}]}}