{"id":30205,"date":"2025-05-26T03:18:09","date_gmt":"2025-05-26T11:18:09","guid":{"rendered":"http:\/\/45.63.70.205\/?post_type=product&#038;p=30205"},"modified":"2025-07-07T15:21:02","modified_gmt":"2025-07-07T07:21:02","slug":"custom-stylish-black-and-white-geometric-pencil-case","status":"publish","type":"product","link":"http:\/\/shinyyoustationery.com\/de\/custom-stylish-black-and-white-geometric-pencil-case\/","title":{"rendered":"Benutzerdefinierte stilvolle schwarze und wei\u00dfe geometrische Federtasche"},"content":{"rendered":"","protected":false},"excerpt":{"rendered":"<p>Halten Sie Ihre Schreibwaren stilvoll organisiert mit unserem Custom Stylish Black and White Pencil Case. Dieses kompakte und trendige Federm\u00e4ppchen verf\u00fcgt \u00fcber ein einzigartiges schwarz-wei\u00dfes Polka-Dot-Design, das sowohl Haltbarkeit als auch Flair bietet. Dieses Etui eignet sich perfekt f\u00fcr Studenten, Berufst\u00e4tige und alle, die Ordnung mit einem Hauch von Stil lieben, und kann mit Ihrem Logo oder Design personalisiert werden. Es ist ideal f\u00fcr die Aufbewahrung von Stiften, Bleistiften, Markern und anderen kleinen Accessoires und ist die perfekte Erg\u00e4nzung f\u00fcr Ihren Schreibtisch oder Rucksack. Bleiben Sie organisiert und verleihen Sie Ihren Alltagsgegenst\u00e4nden einen witzigen Touch!<\/p>","protected":false},"featured_media":30206,"template":"","meta":[],"product_brand":[],"product_cat":[477,520],"product_tag":[],"class_list":{"0":"post-30205","1":"product","2":"type-product","3":"status-publish","4":"has-post-thumbnail","6":"product_cat-school-bags","7":"product_cat-pencil-case-pouch","9":"first","10":"instock","11":"shipping-taxable","12":"product-type-simple"},"_links":{"self":[{"href":"http:\/\/shinyyoustationery.com\/de\/wp-json\/wp\/v2\/product\/30205","targetHints":{"allow":["GET"]}}],"collection":[{"href":"http:\/\/shinyyoustationery.com\/de\/wp-json\/wp\/v2\/product"}],"about":[{"href":"http:\/\/shinyyoustationery.com\/de\/wp-json\/wp\/v2\/types\/product"}],"version-history":[{"count":0,"href":"http:\/\/shinyyoustationery.com\/de\/wp-json\/wp\/v2\/product\/30205\/revisions"}],"wp:featuredmedia":[{"embeddable":true,"href":"http:\/\/shinyyoustationery.com\/de\/wp-json\/wp\/v2\/media\/30206"}],"wp:attachment":[{"href":"http:\/\/shinyyoustationery.com\/de\/wp-json\/wp\/v2\/media?parent=30205"}],"wp:term":[{"taxonomy":"product_brand","embeddable":true,"href":"http:\/\/shinyyoustationery.com\/de\/wp-json\/wp\/v2\/product_brand?post=30205"},{"taxonomy":"product_cat","embeddable":true,"href":"http:\/\/shinyyoustationery.com\/de\/wp-json\/wp\/v2\/product_cat?post=30205"},{"taxonomy":"product_tag","embeddable":true,"href":"http:\/\/shinyyoustationery.com\/de\/wp-json\/wp\/v2\/product_tag?post=30205"}],"curies":[{"name":"wp","href":"https:\/\/api.w.org\/{rel}","templated":true}]}}