{"id":30208,"date":"2025-05-26T03:23:54","date_gmt":"2025-05-26T11:23:54","guid":{"rendered":"http:\/\/45.63.70.205\/?post_type=product&#038;p=30208"},"modified":"2025-05-26T03:25:00","modified_gmt":"2025-05-26T11:25:00","slug":"custom-office-storage-containers-set-5-pack","status":"publish","type":"product","link":"http:\/\/shinyyoustationery.com\/de\/custom-office-storage-containers-set-5-pack\/","title":{"rendered":"Benutzerdefinierte B\u00fcro Aufbewahrungsbeh\u00e4lter Set (5 Pack )"},"content":{"rendered":"","protected":false},"excerpt":{"rendered":"<p>Dieses 5-teilige Set enth\u00e4lt B\u00fcroklammern, Stecknadeln, Heftklammern, Gummib\u00e4nder und mehr, die alle in klaren, stapelbaren Beh\u00e4ltern verpackt sind. Sie eignen sich perfekt f\u00fcr die Organisation von B\u00fcromaterial und verleihen Ihrem Schreibtisch einen schicken Touch. Die schwarz-wei\u00dfe Farbgebung sorgt f\u00fcr einen modernen, minimalistischen Look. Gestalten Sie sie mit Ihrem Logo oder Design, um ein einzigartiges Werbeprodukt zu schaffen, oder verwenden Sie sie als effiziente und trendige L\u00f6sung f\u00fcr Ihren B\u00fcrobedarf. Bleiben Sie stilvoll organisiert mit diesem All-in-One-Set.<\/p>","protected":false},"featured_media":30210,"template":"","meta":[],"product_brand":[],"product_cat":[380],"product_tag":[],"class_list":{"0":"post-30208","1":"product","2":"type-product","3":"status-publish","4":"has-post-thumbnail","6":"product_cat-school-stationery","8":"first","9":"instock","10":"shipping-taxable","11":"product-type-simple"},"_links":{"self":[{"href":"http:\/\/shinyyoustationery.com\/de\/wp-json\/wp\/v2\/product\/30208","targetHints":{"allow":["GET"]}}],"collection":[{"href":"http:\/\/shinyyoustationery.com\/de\/wp-json\/wp\/v2\/product"}],"about":[{"href":"http:\/\/shinyyoustationery.com\/de\/wp-json\/wp\/v2\/types\/product"}],"version-history":[{"count":0,"href":"http:\/\/shinyyoustationery.com\/de\/wp-json\/wp\/v2\/product\/30208\/revisions"}],"wp:featuredmedia":[{"embeddable":true,"href":"http:\/\/shinyyoustationery.com\/de\/wp-json\/wp\/v2\/media\/30210"}],"wp:attachment":[{"href":"http:\/\/shinyyoustationery.com\/de\/wp-json\/wp\/v2\/media?parent=30208"}],"wp:term":[{"taxonomy":"product_brand","embeddable":true,"href":"http:\/\/shinyyoustationery.com\/de\/wp-json\/wp\/v2\/product_brand?post=30208"},{"taxonomy":"product_cat","embeddable":true,"href":"http:\/\/shinyyoustationery.com\/de\/wp-json\/wp\/v2\/product_cat?post=30208"},{"taxonomy":"product_tag","embeddable":true,"href":"http:\/\/shinyyoustationery.com\/de\/wp-json\/wp\/v2\/product_tag?post=30208"}],"curies":[{"name":"wp","href":"https:\/\/api.w.org\/{rel}","templated":true}]}}