{"id":33040,"date":"2025-06-22T21:45:36","date_gmt":"2025-06-23T05:45:36","guid":{"rendered":"http:\/\/45.63.70.205\/?post_type=product&#038;p=33040"},"modified":"2025-07-03T19:47:29","modified_gmt":"2025-07-03T11:47:29","slug":"wholesale-custom-pencil-case-and-pen-green-stationery-set","status":"publish","type":"product","link":"http:\/\/shinyyoustationery.com\/de\/wholesale-custom-pencil-case-and-pen-green-stationery-set\/","title":{"rendered":"Gro\u00dfhandel benutzerdefinierte Federtasche und Stift gr\u00fcn Briefpapier Set"},"content":{"rendered":"","protected":false},"excerpt":{"rendered":"<p>Das Federm\u00e4ppchen bietet eine praktische und stilvolle L\u00f6sung f\u00fcr die Aufbewahrung Ihrer Schreibwaren, w\u00e4hrend der Kugelschreiber einen funktionalen Touch verleiht. Perfekt f\u00fcr alle, die minimalistisches Design und koordinierte B\u00fcroartikel lieben. Ideal f\u00fcr Studenten, Berufst\u00e4tige oder zum Verschenken.<\/p>","protected":false},"featured_media":33041,"template":"","meta":[],"product_brand":[],"product_cat":[331,406,681],"product_tag":[],"class_list":{"0":"post-33040","1":"product","2":"type-product","3":"status-publish","4":"has-post-thumbnail","6":"product_cat-stationery-set","7":"product_cat-gifts","8":"product_cat-green-collection","10":"first","11":"instock","12":"shipping-taxable","13":"product-type-simple"},"_links":{"self":[{"href":"http:\/\/shinyyoustationery.com\/de\/wp-json\/wp\/v2\/product\/33040","targetHints":{"allow":["GET"]}}],"collection":[{"href":"http:\/\/shinyyoustationery.com\/de\/wp-json\/wp\/v2\/product"}],"about":[{"href":"http:\/\/shinyyoustationery.com\/de\/wp-json\/wp\/v2\/types\/product"}],"version-history":[{"count":0,"href":"http:\/\/shinyyoustationery.com\/de\/wp-json\/wp\/v2\/product\/33040\/revisions"}],"wp:featuredmedia":[{"embeddable":true,"href":"http:\/\/shinyyoustationery.com\/de\/wp-json\/wp\/v2\/media\/33041"}],"wp:attachment":[{"href":"http:\/\/shinyyoustationery.com\/de\/wp-json\/wp\/v2\/media?parent=33040"}],"wp:term":[{"taxonomy":"product_brand","embeddable":true,"href":"http:\/\/shinyyoustationery.com\/de\/wp-json\/wp\/v2\/product_brand?post=33040"},{"taxonomy":"product_cat","embeddable":true,"href":"http:\/\/shinyyoustationery.com\/de\/wp-json\/wp\/v2\/product_cat?post=33040"},{"taxonomy":"product_tag","embeddable":true,"href":"http:\/\/shinyyoustationery.com\/de\/wp-json\/wp\/v2\/product_tag?post=33040"}],"curies":[{"name":"wp","href":"https:\/\/api.w.org\/{rel}","templated":true}]}}