{"id":33074,"date":"2025-06-22T23:12:10","date_gmt":"2025-06-23T07:12:10","guid":{"rendered":"http:\/\/45.63.70.205\/?post_type=product&#038;p=33074"},"modified":"2025-06-22T23:12:11","modified_gmt":"2025-06-23T07:12:11","slug":"wholesale-custom-charming-green-floral-backpack-for-school-and-outdoor-adventures","status":"publish","type":"product","link":"http:\/\/shinyyoustationery.com\/de\/wholesale-custom-charming-green-floral-backpack-for-school-and-outdoor-adventures\/","title":{"rendered":"Gro\u00dfhandel benutzerdefinierte Charming Green Floral Rucksack f\u00fcr Schule und Outdoor-Abenteuer"},"content":{"rendered":"","protected":false},"excerpt":{"rendered":"<p>Dieser modische gr\u00fcne Rucksack mit verspieltem Blumendesign ist perfekt f\u00fcr die Schule oder Aktivit\u00e4ten im Freien. Mit einer ger\u00e4umigen Vordertasche und verstellbaren Tr\u00e4gern bietet er Funktionalit\u00e4t und Komfort und ist gleichzeitig modisch unterwegs.<\/p>","protected":false},"featured_media":33076,"template":"","meta":[],"product_brand":[],"product_cat":[518,517,681],"product_tag":[],"class_list":{"0":"post-33074","1":"product","2":"type-product","3":"status-publish","4":"has-post-thumbnail","6":"product_cat-school-backpack","7":"product_cat-backpack","8":"product_cat-green-collection","10":"first","11":"instock","12":"shipping-taxable","13":"product-type-simple"},"_links":{"self":[{"href":"http:\/\/shinyyoustationery.com\/de\/wp-json\/wp\/v2\/product\/33074","targetHints":{"allow":["GET"]}}],"collection":[{"href":"http:\/\/shinyyoustationery.com\/de\/wp-json\/wp\/v2\/product"}],"about":[{"href":"http:\/\/shinyyoustationery.com\/de\/wp-json\/wp\/v2\/types\/product"}],"version-history":[{"count":0,"href":"http:\/\/shinyyoustationery.com\/de\/wp-json\/wp\/v2\/product\/33074\/revisions"}],"wp:featuredmedia":[{"embeddable":true,"href":"http:\/\/shinyyoustationery.com\/de\/wp-json\/wp\/v2\/media\/33076"}],"wp:attachment":[{"href":"http:\/\/shinyyoustationery.com\/de\/wp-json\/wp\/v2\/media?parent=33074"}],"wp:term":[{"taxonomy":"product_brand","embeddable":true,"href":"http:\/\/shinyyoustationery.com\/de\/wp-json\/wp\/v2\/product_brand?post=33074"},{"taxonomy":"product_cat","embeddable":true,"href":"http:\/\/shinyyoustationery.com\/de\/wp-json\/wp\/v2\/product_cat?post=33074"},{"taxonomy":"product_tag","embeddable":true,"href":"http:\/\/shinyyoustationery.com\/de\/wp-json\/wp\/v2\/product_tag?post=33074"}],"curies":[{"name":"wp","href":"https:\/\/api.w.org\/{rel}","templated":true}]}}