{"id":33081,"date":"2025-06-22T23:58:51","date_gmt":"2025-06-23T07:58:51","guid":{"rendered":"http:\/\/45.63.70.205\/?post_type=product&#038;p=33081"},"modified":"2025-06-22T23:58:52","modified_gmt":"2025-06-23T07:58:52","slug":"wholesale-custom-compact-olive-green-backpack-for-outdoor-adventures","status":"publish","type":"product","link":"http:\/\/shinyyoustationery.com\/de\/wholesale-custom-compact-olive-green-backpack-for-outdoor-adventures\/","title":{"rendered":"Gro\u00dfhandel benutzerdefinierte kompakte olivgr\u00fcner Rucksack f\u00fcr Outdoor-Abenteuer"},"content":{"rendered":"","protected":false},"excerpt":{"rendered":"<p>Dieser kompakte olivgr\u00fcne Rucksack eignet sich perfekt f\u00fcr den Transport Ihrer wichtigsten Utensilien f\u00fcr unterwegs. Mit seinem schlichten, aber stilvollen Design und der Vordertasche ist er ideal f\u00fcr Freizeitausfl\u00fcge, die Schule oder auch als stilvolles Accessoire f\u00fcr Ihre t\u00e4glichen Aktivit\u00e4ten. Bequem, praktisch und kompakt.<\/p>","protected":false},"featured_media":33082,"template":"","meta":[],"product_brand":[],"product_cat":[517,518,681],"product_tag":[],"class_list":{"0":"post-33081","1":"product","2":"type-product","3":"status-publish","4":"has-post-thumbnail","6":"product_cat-backpack","7":"product_cat-school-backpack","8":"product_cat-green-collection","10":"first","11":"instock","12":"shipping-taxable","13":"product-type-simple"},"_links":{"self":[{"href":"http:\/\/shinyyoustationery.com\/de\/wp-json\/wp\/v2\/product\/33081","targetHints":{"allow":["GET"]}}],"collection":[{"href":"http:\/\/shinyyoustationery.com\/de\/wp-json\/wp\/v2\/product"}],"about":[{"href":"http:\/\/shinyyoustationery.com\/de\/wp-json\/wp\/v2\/types\/product"}],"version-history":[{"count":0,"href":"http:\/\/shinyyoustationery.com\/de\/wp-json\/wp\/v2\/product\/33081\/revisions"}],"wp:featuredmedia":[{"embeddable":true,"href":"http:\/\/shinyyoustationery.com\/de\/wp-json\/wp\/v2\/media\/33082"}],"wp:attachment":[{"href":"http:\/\/shinyyoustationery.com\/de\/wp-json\/wp\/v2\/media?parent=33081"}],"wp:term":[{"taxonomy":"product_brand","embeddable":true,"href":"http:\/\/shinyyoustationery.com\/de\/wp-json\/wp\/v2\/product_brand?post=33081"},{"taxonomy":"product_cat","embeddable":true,"href":"http:\/\/shinyyoustationery.com\/de\/wp-json\/wp\/v2\/product_cat?post=33081"},{"taxonomy":"product_tag","embeddable":true,"href":"http:\/\/shinyyoustationery.com\/de\/wp-json\/wp\/v2\/product_tag?post=33081"}],"curies":[{"name":"wp","href":"https:\/\/api.w.org\/{rel}","templated":true}]}}