{"id":33125,"date":"2025-06-23T01:39:47","date_gmt":"2025-06-23T09:39:47","guid":{"rendered":"http:\/\/45.63.70.205\/?post_type=product&#038;p=33125"},"modified":"2025-06-23T01:39:47","modified_gmt":"2025-06-23T09:39:47","slug":"wholesale-custom-lemon-weekly-planner-pad-for-desk-use-at-home-school-or-office","status":"publish","type":"product","link":"http:\/\/shinyyoustationery.com\/de\/wholesale-custom-lemon-weekly-planner-pad-for-desk-use-at-home-school-or-office\/","title":{"rendered":"Gro\u00dfhandel benutzerdefinierte Zitrone w\u00f6chentliche Planer Pad f\u00fcr Schreibtisch zu Hause, in der Schule oder im B\u00fcro"},"content":{"rendered":"","protected":false},"excerpt":{"rendered":"<p>Planen Sie Ihre Woche stilvoll mit diesem fr\u00f6hlichen Wochenplaner mit Zitronenmotiv. Mit klar unterteilten Abschnitten f\u00fcr jeden Tag und speziellen Bereichen f\u00fcr Priorit\u00e4ten und Notizen ist er ein ideales Werkzeug, um organisiert und konzentriert zu bleiben. Egal, ob Sie Schulaufgaben, B\u00fcroarbeiten oder pers\u00f6nliche Ziele verwalten, mit diesem farbenfrohen Schreibtischplaner behalten Sie alles im Blick und auf dem richtigen Weg.<\/p>","protected":false},"featured_media":33126,"template":"","meta":[],"product_brand":[],"product_cat":[682,669],"product_tag":[],"class_list":{"0":"post-33125","1":"product","2":"type-product","3":"status-publish","4":"has-post-thumbnail","6":"product_cat-lemon-collection","7":"product_cat-planners","9":"first","10":"instock","11":"shipping-taxable","12":"product-type-simple"},"_links":{"self":[{"href":"http:\/\/shinyyoustationery.com\/de\/wp-json\/wp\/v2\/product\/33125","targetHints":{"allow":["GET"]}}],"collection":[{"href":"http:\/\/shinyyoustationery.com\/de\/wp-json\/wp\/v2\/product"}],"about":[{"href":"http:\/\/shinyyoustationery.com\/de\/wp-json\/wp\/v2\/types\/product"}],"version-history":[{"count":0,"href":"http:\/\/shinyyoustationery.com\/de\/wp-json\/wp\/v2\/product\/33125\/revisions"}],"wp:featuredmedia":[{"embeddable":true,"href":"http:\/\/shinyyoustationery.com\/de\/wp-json\/wp\/v2\/media\/33126"}],"wp:attachment":[{"href":"http:\/\/shinyyoustationery.com\/de\/wp-json\/wp\/v2\/media?parent=33125"}],"wp:term":[{"taxonomy":"product_brand","embeddable":true,"href":"http:\/\/shinyyoustationery.com\/de\/wp-json\/wp\/v2\/product_brand?post=33125"},{"taxonomy":"product_cat","embeddable":true,"href":"http:\/\/shinyyoustationery.com\/de\/wp-json\/wp\/v2\/product_cat?post=33125"},{"taxonomy":"product_tag","embeddable":true,"href":"http:\/\/shinyyoustationery.com\/de\/wp-json\/wp\/v2\/product_tag?post=33125"}],"curies":[{"name":"wp","href":"https:\/\/api.w.org\/{rel}","templated":true}]}}