{"id":33129,"date":"2025-06-23T01:51:10","date_gmt":"2025-06-23T09:51:10","guid":{"rendered":"http:\/\/45.63.70.205\/?post_type=product&#038;p=33129"},"modified":"2025-06-23T01:51:10","modified_gmt":"2025-06-23T09:51:10","slug":"wholesale-custom-lemon-themed-to-do-list-for-kitchen-counters-offices-or-daily-errands","status":"publish","type":"product","link":"http:\/\/shinyyoustationery.com\/de\/wholesale-custom-lemon-themed-to-do-list-for-kitchen-counters-offices-or-daily-errands\/","title":{"rendered":"Gro\u00dfhandel benutzerdefinierte Zitrone-Thema To-Do-Liste f\u00fcr K\u00fcche Z\u00e4hler, B\u00fcros, oder t\u00e4gliche Besorgungen"},"content":{"rendered":"","protected":false},"excerpt":{"rendered":"<p>Notieren Sie Aufgaben, Einkaufslisten oder Erinnerungen stilvoll mit diesem Set aus To-Do-Liste und Bleistift mit frischem Zitronenmotiv. Das charmante Klemmbrett mit gef\u00fcttertem Notizblock und praktischem Stifthalter eignet sich perfekt f\u00fcr den gesch\u00e4ftigen Morgen in der K\u00fcche, schnelle Notizen am Schreibtisch oder die Planung von Besorgungen unterwegs. Ein fr\u00f6hlicher und funktionaler Begleiter f\u00fcr die t\u00e4gliche Organisation.<\/p>","protected":false},"featured_media":33130,"template":"","meta":[],"product_brand":[],"product_cat":[682,669],"product_tag":[],"class_list":{"0":"post-33129","1":"product","2":"type-product","3":"status-publish","4":"has-post-thumbnail","6":"product_cat-lemon-collection","7":"product_cat-planners","9":"first","10":"instock","11":"shipping-taxable","12":"product-type-simple"},"_links":{"self":[{"href":"http:\/\/shinyyoustationery.com\/de\/wp-json\/wp\/v2\/product\/33129","targetHints":{"allow":["GET"]}}],"collection":[{"href":"http:\/\/shinyyoustationery.com\/de\/wp-json\/wp\/v2\/product"}],"about":[{"href":"http:\/\/shinyyoustationery.com\/de\/wp-json\/wp\/v2\/types\/product"}],"version-history":[{"count":0,"href":"http:\/\/shinyyoustationery.com\/de\/wp-json\/wp\/v2\/product\/33129\/revisions"}],"wp:featuredmedia":[{"embeddable":true,"href":"http:\/\/shinyyoustationery.com\/de\/wp-json\/wp\/v2\/media\/33130"}],"wp:attachment":[{"href":"http:\/\/shinyyoustationery.com\/de\/wp-json\/wp\/v2\/media?parent=33129"}],"wp:term":[{"taxonomy":"product_brand","embeddable":true,"href":"http:\/\/shinyyoustationery.com\/de\/wp-json\/wp\/v2\/product_brand?post=33129"},{"taxonomy":"product_cat","embeddable":true,"href":"http:\/\/shinyyoustationery.com\/de\/wp-json\/wp\/v2\/product_cat?post=33129"},{"taxonomy":"product_tag","embeddable":true,"href":"http:\/\/shinyyoustationery.com\/de\/wp-json\/wp\/v2\/product_tag?post=33129"}],"curies":[{"name":"wp","href":"https:\/\/api.w.org\/{rel}","templated":true}]}}