{"id":33156,"date":"2025-06-23T02:47:26","date_gmt":"2025-06-23T10:47:26","guid":{"rendered":"http:\/\/45.63.70.205\/?post_type=product&#038;p=33156"},"modified":"2025-06-23T02:47:26","modified_gmt":"2025-06-23T10:47:26","slug":"wholesale-custom-a6-lemon-shaped-spiral-notebook-fun-for-quick-notes-at-school-office","status":"publish","type":"product","link":"http:\/\/shinyyoustationery.com\/de\/wholesale-custom-a6-lemon-shaped-spiral-notebook-fun-for-quick-notes-at-school-office\/","title":{"rendered":"Gro\u00dfhandel benutzerdefinierte A6 Zitrone-f\u00f6rmigen Spirale Notebook - Spa\u00df f\u00fcr schnelle Notizen in der Schule &amp; B\u00fcro"},"content":{"rendered":"","protected":false},"excerpt":{"rendered":"<p>Verleihen Sie Ihren Notizen mit diesem verspielten A6-Spiralnotizbuch in Zitronenform eine pikante Note. Es ist kompakt und leicht und eignet sich perfekt, um schnelle Gedanken, Erinnerungen oder kreative Ideen zu notieren, wo immer Sie sind. Mit seinem fr\u00f6hlichen Design und den leicht zu \u00f6ffnenden Seiten ist es ein fr\u00f6hlicher Begleiter f\u00fcr Kinder, Studenten und alle, die einzigartige Schreibwaren lieben.<\/p>","protected":false},"featured_media":33157,"template":"","meta":[],"product_brand":[],"product_cat":[493,668],"product_tag":[],"class_list":{"0":"post-33156","1":"product","2":"type-product","3":"status-publish","4":"has-post-thumbnail","6":"product_cat-spiral-notebook","7":"product_cat-softcover-notebook","9":"first","10":"instock","11":"shipping-taxable","12":"product-type-simple"},"_links":{"self":[{"href":"http:\/\/shinyyoustationery.com\/de\/wp-json\/wp\/v2\/product\/33156","targetHints":{"allow":["GET"]}}],"collection":[{"href":"http:\/\/shinyyoustationery.com\/de\/wp-json\/wp\/v2\/product"}],"about":[{"href":"http:\/\/shinyyoustationery.com\/de\/wp-json\/wp\/v2\/types\/product"}],"version-history":[{"count":0,"href":"http:\/\/shinyyoustationery.com\/de\/wp-json\/wp\/v2\/product\/33156\/revisions"}],"wp:featuredmedia":[{"embeddable":true,"href":"http:\/\/shinyyoustationery.com\/de\/wp-json\/wp\/v2\/media\/33157"}],"wp:attachment":[{"href":"http:\/\/shinyyoustationery.com\/de\/wp-json\/wp\/v2\/media?parent=33156"}],"wp:term":[{"taxonomy":"product_brand","embeddable":true,"href":"http:\/\/shinyyoustationery.com\/de\/wp-json\/wp\/v2\/product_brand?post=33156"},{"taxonomy":"product_cat","embeddable":true,"href":"http:\/\/shinyyoustationery.com\/de\/wp-json\/wp\/v2\/product_cat?post=33156"},{"taxonomy":"product_tag","embeddable":true,"href":"http:\/\/shinyyoustationery.com\/de\/wp-json\/wp\/v2\/product_tag?post=33156"}],"curies":[{"name":"wp","href":"https:\/\/api.w.org\/{rel}","templated":true}]}}