{"id":33176,"date":"2025-06-23T03:31:35","date_gmt":"2025-06-23T11:31:35","guid":{"rendered":"http:\/\/45.63.70.205\/?post_type=product&#038;p=33176"},"modified":"2025-06-23T03:32:09","modified_gmt":"2025-06-23T11:32:09","slug":"wholesale-custom-a5-pu-hardcover-notebook-for-office-school-or-daily-goals","status":"publish","type":"product","link":"http:\/\/shinyyoustationery.com\/de\/wholesale-custom-a5-pu-hardcover-notebook-for-office-school-or-daily-goals\/","title":{"rendered":"Gro\u00dfhandel benutzerdefinierte A5 PU Hardcover Notebook f\u00fcr B\u00fcro, Schule, oder t\u00e4gliche Ziele"},"content":{"rendered":"","protected":false},"excerpt":{"rendered":"<p data-start=\"231\" data-end=\"634\">Mit diesem stilvollen A5-Notizbuch aus PU mit festem Einband in erfrischendem Aquablau wird das Schreiben zum Vergn\u00fcgen. Mit dem motivierenden Spruch \"Think Big, Write Bigger\" und einem leuchtend gelben Gummiband, das von einem zitronenf\u00f6rmigen Anh\u00e4nger akzentuiert wird, ist dieses Notizbuch sowohl funktional als auch ein echter Hingucker. Ideal f\u00fcr Tagebuchf\u00fchrung, Notizen oder Planung bei der Arbeit, in der Schule oder unterwegs.<\/p>","protected":false},"featured_media":33177,"template":"","meta":[],"product_brand":[],"product_cat":[667,682],"product_tag":[],"class_list":{"0":"post-33176","1":"product","2":"type-product","3":"status-publish","4":"has-post-thumbnail","6":"product_cat-hardcover-notebook","7":"product_cat-lemon-collection","9":"first","10":"instock","11":"shipping-taxable","12":"product-type-simple"},"_links":{"self":[{"href":"http:\/\/shinyyoustationery.com\/de\/wp-json\/wp\/v2\/product\/33176","targetHints":{"allow":["GET"]}}],"collection":[{"href":"http:\/\/shinyyoustationery.com\/de\/wp-json\/wp\/v2\/product"}],"about":[{"href":"http:\/\/shinyyoustationery.com\/de\/wp-json\/wp\/v2\/types\/product"}],"version-history":[{"count":0,"href":"http:\/\/shinyyoustationery.com\/de\/wp-json\/wp\/v2\/product\/33176\/revisions"}],"wp:featuredmedia":[{"embeddable":true,"href":"http:\/\/shinyyoustationery.com\/de\/wp-json\/wp\/v2\/media\/33177"}],"wp:attachment":[{"href":"http:\/\/shinyyoustationery.com\/de\/wp-json\/wp\/v2\/media?parent=33176"}],"wp:term":[{"taxonomy":"product_brand","embeddable":true,"href":"http:\/\/shinyyoustationery.com\/de\/wp-json\/wp\/v2\/product_brand?post=33176"},{"taxonomy":"product_cat","embeddable":true,"href":"http:\/\/shinyyoustationery.com\/de\/wp-json\/wp\/v2\/product_cat?post=33176"},{"taxonomy":"product_tag","embeddable":true,"href":"http:\/\/shinyyoustationery.com\/de\/wp-json\/wp\/v2\/product_tag?post=33176"}],"curies":[{"name":"wp","href":"https:\/\/api.w.org\/{rel}","templated":true}]}}