{"id":33193,"date":"2025-06-23T17:55:38","date_gmt":"2025-06-24T01:55:38","guid":{"rendered":"http:\/\/45.63.70.205\/?post_type=product&#038;p=33193"},"modified":"2025-06-23T17:55:38","modified_gmt":"2025-06-24T01:55:38","slug":"wholesale-custom-a5-pu-hardcover-notebook-for-work-study-or-personal-goals","status":"publish","type":"product","link":"http:\/\/shinyyoustationery.com\/de\/wholesale-custom-a5-pu-hardcover-notebook-for-work-study-or-personal-goals\/","title":{"rendered":"Gro\u00dfhandel Custom A5 PU Hardcover Notebook f\u00fcr Arbeit, Studium oder pers\u00f6nliche Ziele"},"content":{"rendered":"","protected":false},"excerpt":{"rendered":"<p>Machen Sie einen Schritt in die Zukunft mit diesem stilvollen A5 PU Hardcover-Notizbuch, das die inspirierende Botschaft \"Writing the Future\" in fetten Buchstaben tr\u00e4gt. Der leuchtende Zitronencharme und der t\u00fcrkisfarbene Gummiverschluss verleihen Ihren t\u00e4glichen Notizen einen frischen Farbakzent. Dieses Notizbuch eignet sich perfekt zum Schreiben von Tageb\u00fcchern, zum Organisieren Ihrer Gedanken oder zum Festlegen pers\u00f6nlicher Ziele und ist ideal f\u00fcr die Schule, die Arbeit oder den privaten Gebrauch.<\/p>","protected":false},"featured_media":33194,"template":"","meta":[],"product_brand":[],"product_cat":[667,682],"product_tag":[],"class_list":{"0":"post-33193","1":"product","2":"type-product","3":"status-publish","4":"has-post-thumbnail","6":"product_cat-hardcover-notebook","7":"product_cat-lemon-collection","9":"first","10":"instock","11":"shipping-taxable","12":"product-type-simple"},"_links":{"self":[{"href":"http:\/\/shinyyoustationery.com\/de\/wp-json\/wp\/v2\/product\/33193","targetHints":{"allow":["GET"]}}],"collection":[{"href":"http:\/\/shinyyoustationery.com\/de\/wp-json\/wp\/v2\/product"}],"about":[{"href":"http:\/\/shinyyoustationery.com\/de\/wp-json\/wp\/v2\/types\/product"}],"version-history":[{"count":0,"href":"http:\/\/shinyyoustationery.com\/de\/wp-json\/wp\/v2\/product\/33193\/revisions"}],"wp:featuredmedia":[{"embeddable":true,"href":"http:\/\/shinyyoustationery.com\/de\/wp-json\/wp\/v2\/media\/33194"}],"wp:attachment":[{"href":"http:\/\/shinyyoustationery.com\/de\/wp-json\/wp\/v2\/media?parent=33193"}],"wp:term":[{"taxonomy":"product_brand","embeddable":true,"href":"http:\/\/shinyyoustationery.com\/de\/wp-json\/wp\/v2\/product_brand?post=33193"},{"taxonomy":"product_cat","embeddable":true,"href":"http:\/\/shinyyoustationery.com\/de\/wp-json\/wp\/v2\/product_cat?post=33193"},{"taxonomy":"product_tag","embeddable":true,"href":"http:\/\/shinyyoustationery.com\/de\/wp-json\/wp\/v2\/product_tag?post=33193"}],"curies":[{"name":"wp","href":"https:\/\/api.w.org\/{rel}","templated":true}]}}