{"id":33198,"date":"2025-06-23T18:03:29","date_gmt":"2025-06-24T02:03:29","guid":{"rendered":"http:\/\/45.63.70.205\/?post_type=product&#038;p=33198"},"modified":"2025-06-23T18:03:29","modified_gmt":"2025-06-24T02:03:29","slug":"wholesale-custom-a5-spiral-notebook-for-school-work-or-creative-journaling","status":"publish","type":"product","link":"http:\/\/shinyyoustationery.com\/de\/wholesale-custom-a5-spiral-notebook-for-school-work-or-creative-journaling\/","title":{"rendered":"Gro\u00dfhandel benutzerdefinierte A5 Spirale Notebook f\u00fcr Schule, Arbeit oder kreative Journaling"},"content":{"rendered":"","protected":false},"excerpt":{"rendered":"<p>Mit diesem lustigen A5-Spiralnotizbuch mit auff\u00e4lligem Zitronendesign auf erfrischend blauem Hintergrund k\u00f6nnen Sie Ihre Schreibarbeit aufpeppen. Sein einzigartiger zitronenf\u00f6rmiger Rand und die haltbare Spiralbindung machen es perfekt f\u00fcr Schule, Arbeit oder pers\u00f6nliche Aufzeichnungen. Egal, ob Sie Notizen machen, To-Do-Listen erstellen oder kreative Ideen festhalten, dieses Notizbuch bringt Farbe und Kreativit\u00e4t auf Ihren Schreibtisch.<\/p>","protected":false},"featured_media":33199,"template":"","meta":[],"product_brand":[],"product_cat":[682,493],"product_tag":[],"class_list":{"0":"post-33198","1":"product","2":"type-product","3":"status-publish","4":"has-post-thumbnail","6":"product_cat-lemon-collection","7":"product_cat-spiral-notebook","9":"first","10":"instock","11":"shipping-taxable","12":"product-type-simple"},"_links":{"self":[{"href":"http:\/\/shinyyoustationery.com\/de\/wp-json\/wp\/v2\/product\/33198","targetHints":{"allow":["GET"]}}],"collection":[{"href":"http:\/\/shinyyoustationery.com\/de\/wp-json\/wp\/v2\/product"}],"about":[{"href":"http:\/\/shinyyoustationery.com\/de\/wp-json\/wp\/v2\/types\/product"}],"version-history":[{"count":0,"href":"http:\/\/shinyyoustationery.com\/de\/wp-json\/wp\/v2\/product\/33198\/revisions"}],"wp:featuredmedia":[{"embeddable":true,"href":"http:\/\/shinyyoustationery.com\/de\/wp-json\/wp\/v2\/media\/33199"}],"wp:attachment":[{"href":"http:\/\/shinyyoustationery.com\/de\/wp-json\/wp\/v2\/media?parent=33198"}],"wp:term":[{"taxonomy":"product_brand","embeddable":true,"href":"http:\/\/shinyyoustationery.com\/de\/wp-json\/wp\/v2\/product_brand?post=33198"},{"taxonomy":"product_cat","embeddable":true,"href":"http:\/\/shinyyoustationery.com\/de\/wp-json\/wp\/v2\/product_cat?post=33198"},{"taxonomy":"product_tag","embeddable":true,"href":"http:\/\/shinyyoustationery.com\/de\/wp-json\/wp\/v2\/product_tag?post=33198"}],"curies":[{"name":"wp","href":"https:\/\/api.w.org\/{rel}","templated":true}]}}