{"id":33207,"date":"2025-06-23T18:22:39","date_gmt":"2025-06-24T02:22:39","guid":{"rendered":"http:\/\/45.63.70.205\/?post_type=product&#038;p=33207"},"modified":"2025-06-23T18:22:39","modified_gmt":"2025-06-24T02:22:39","slug":"wholesale-custom-a5-spiral-notebook-bright-lemon-pattern-for-school-office","status":"publish","type":"product","link":"http:\/\/shinyyoustationery.com\/de\/wholesale-custom-a5-spiral-notebook-bright-lemon-pattern-for-school-office\/","title":{"rendered":"Gro\u00dfhandel benutzerdefinierte A5 Spirale Notebook hellen Zitrone Muster f\u00fcr Schule &amp; B\u00fcro"},"content":{"rendered":"","protected":false},"excerpt":{"rendered":"<p>Bringen Sie Farbe in Ihre Notizen - mit diesem A5-Spiralnotizbuch mit verspieltem Zitronenmuster auf frischem blauem Hintergrund. Das farbenfrohe Design eignet sich perfekt, um Ideen zu notieren, Notizen zu machen oder Aufgaben in der Schule, bei der Arbeit oder zu Hause zu planen. Mit seiner stabilen Spiralbindung und dem lustigen Design ist dieses Notizbuch ein gro\u00dfartiger Begleiter f\u00fcr jede kreative oder organisatorische T\u00e4tigkeit.<\/p>","protected":false},"featured_media":33208,"template":"","meta":[],"product_brand":[],"product_cat":[682,493],"product_tag":[],"class_list":{"0":"post-33207","1":"product","2":"type-product","3":"status-publish","4":"has-post-thumbnail","6":"product_cat-lemon-collection","7":"product_cat-spiral-notebook","9":"first","10":"instock","11":"shipping-taxable","12":"product-type-simple"},"_links":{"self":[{"href":"http:\/\/shinyyoustationery.com\/de\/wp-json\/wp\/v2\/product\/33207","targetHints":{"allow":["GET"]}}],"collection":[{"href":"http:\/\/shinyyoustationery.com\/de\/wp-json\/wp\/v2\/product"}],"about":[{"href":"http:\/\/shinyyoustationery.com\/de\/wp-json\/wp\/v2\/types\/product"}],"version-history":[{"count":0,"href":"http:\/\/shinyyoustationery.com\/de\/wp-json\/wp\/v2\/product\/33207\/revisions"}],"wp:featuredmedia":[{"embeddable":true,"href":"http:\/\/shinyyoustationery.com\/de\/wp-json\/wp\/v2\/media\/33208"}],"wp:attachment":[{"href":"http:\/\/shinyyoustationery.com\/de\/wp-json\/wp\/v2\/media?parent=33207"}],"wp:term":[{"taxonomy":"product_brand","embeddable":true,"href":"http:\/\/shinyyoustationery.com\/de\/wp-json\/wp\/v2\/product_brand?post=33207"},{"taxonomy":"product_cat","embeddable":true,"href":"http:\/\/shinyyoustationery.com\/de\/wp-json\/wp\/v2\/product_cat?post=33207"},{"taxonomy":"product_tag","embeddable":true,"href":"http:\/\/shinyyoustationery.com\/de\/wp-json\/wp\/v2\/product_tag?post=33207"}],"curies":[{"name":"wp","href":"https:\/\/api.w.org\/{rel}","templated":true}]}}