{"id":33211,"date":"2025-06-23T18:36:32","date_gmt":"2025-06-24T02:36:32","guid":{"rendered":"http:\/\/45.63.70.205\/?post_type=product&#038;p=33211"},"modified":"2025-08-13T05:31:50","modified_gmt":"2025-08-13T13:31:50","slug":"wholesale-custom-lemon-themed-whiteboard-with-pen-for-home-office-or-school","status":"publish","type":"product","link":"http:\/\/shinyyoustationery.com\/de\/wholesale-custom-lemon-themed-whiteboard-with-pen-for-home-office-or-school\/","title":{"rendered":"Gro\u00dfhandel benutzerdefinierte Zitrone-Thema Whiteboard mit Stift f\u00fcr Haus, B\u00fcro oder Schule"},"content":{"rendered":"","protected":false},"excerpt":{"rendered":"<p>Mit diesem lustigen Whiteboard- und Stiftset mit Zitronenmotiv k\u00f6nnen Sie Ihre Ideen festhalten. Mit einem leuchtend gelben Rand und einem praktischen Markerhalter ist dieses kompakte Whiteboard perfekt, um schnelle Notizen, Erinnerungen oder Planungsaufgaben zu Hause, im B\u00fcro oder in der Schule zu notieren. Dank des leichten Designs l\u00e4sst es sich leicht aufh\u00e4ngen, und der mitgelieferte Marker sorgt daf\u00fcr, dass du immer schreibbereit bist.<\/p>","protected":false},"featured_media":33212,"template":"","meta":[],"product_brand":[],"product_cat":[682,454],"product_tag":[],"class_list":{"0":"post-33211","1":"product","2":"type-product","3":"status-publish","4":"has-post-thumbnail","6":"product_cat-lemon-collection","7":"product_cat-whiteboard","9":"first","10":"instock","11":"shipping-taxable","12":"product-type-simple"},"_links":{"self":[{"href":"http:\/\/shinyyoustationery.com\/de\/wp-json\/wp\/v2\/product\/33211","targetHints":{"allow":["GET"]}}],"collection":[{"href":"http:\/\/shinyyoustationery.com\/de\/wp-json\/wp\/v2\/product"}],"about":[{"href":"http:\/\/shinyyoustationery.com\/de\/wp-json\/wp\/v2\/types\/product"}],"version-history":[{"count":0,"href":"http:\/\/shinyyoustationery.com\/de\/wp-json\/wp\/v2\/product\/33211\/revisions"}],"wp:featuredmedia":[{"embeddable":true,"href":"http:\/\/shinyyoustationery.com\/de\/wp-json\/wp\/v2\/media\/33212"}],"wp:attachment":[{"href":"http:\/\/shinyyoustationery.com\/de\/wp-json\/wp\/v2\/media?parent=33211"}],"wp:term":[{"taxonomy":"product_brand","embeddable":true,"href":"http:\/\/shinyyoustationery.com\/de\/wp-json\/wp\/v2\/product_brand?post=33211"},{"taxonomy":"product_cat","embeddable":true,"href":"http:\/\/shinyyoustationery.com\/de\/wp-json\/wp\/v2\/product_cat?post=33211"},{"taxonomy":"product_tag","embeddable":true,"href":"http:\/\/shinyyoustationery.com\/de\/wp-json\/wp\/v2\/product_tag?post=33211"}],"curies":[{"name":"wp","href":"https:\/\/api.w.org\/{rel}","templated":true}]}}