{"id":33229,"date":"2025-06-23T21:13:25","date_gmt":"2025-06-24T05:13:25","guid":{"rendered":"http:\/\/45.63.70.205\/?post_type=product&#038;p=33229"},"modified":"2025-07-07T15:20:33","modified_gmt":"2025-07-07T07:20:33","slug":"wholesale-custom-lemon-print-pencil-case-fun-and-practical-for-school-or-office","status":"publish","type":"product","link":"http:\/\/shinyyoustationery.com\/de\/wholesale-custom-lemon-print-pencil-case-fun-and-practical-for-school-or-office\/","title":{"rendered":"Gro\u00dfhandel benutzerdefinierte Zitrone drucken Federtasche Spa\u00df und praktisch f\u00fcr die Schule oder B\u00fcro"},"content":{"rendered":"","protected":false},"excerpt":{"rendered":"<p>Dieses leuchtende Federm\u00e4ppchen mit Zitronenmuster bringt Farbe in Ihren Alltag. Mit seiner erfrischenden t\u00fcrkisen Farbe und dem verspielten gelben Zitronenmuster ist dieses M\u00e4ppchen sowohl stilvoll als auch funktional. Im ger\u00e4umigen Innenraum k\u00f6nnen Sie Stifte, Bleistifte und andere kleine Gegenst\u00e4nde sicher aufbewahren. Ob in der Schule, bei der Arbeit oder auf Reisen - dieses niedliche M\u00e4ppchen sorgt f\u00fcr eine fr\u00f6hliche Stimmung bei der Organisation.<\/p>","protected":false},"featured_media":33230,"template":"","meta":[],"product_brand":[],"product_cat":[682,520,477],"product_tag":[],"class_list":{"0":"post-33229","1":"product","2":"type-product","3":"status-publish","4":"has-post-thumbnail","6":"product_cat-lemon-collection","7":"product_cat-pencil-case-pouch","8":"product_cat-school-bags","10":"first","11":"instock","12":"shipping-taxable","13":"product-type-simple"},"_links":{"self":[{"href":"http:\/\/shinyyoustationery.com\/de\/wp-json\/wp\/v2\/product\/33229","targetHints":{"allow":["GET"]}}],"collection":[{"href":"http:\/\/shinyyoustationery.com\/de\/wp-json\/wp\/v2\/product"}],"about":[{"href":"http:\/\/shinyyoustationery.com\/de\/wp-json\/wp\/v2\/types\/product"}],"version-history":[{"count":0,"href":"http:\/\/shinyyoustationery.com\/de\/wp-json\/wp\/v2\/product\/33229\/revisions"}],"wp:featuredmedia":[{"embeddable":true,"href":"http:\/\/shinyyoustationery.com\/de\/wp-json\/wp\/v2\/media\/33230"}],"wp:attachment":[{"href":"http:\/\/shinyyoustationery.com\/de\/wp-json\/wp\/v2\/media?parent=33229"}],"wp:term":[{"taxonomy":"product_brand","embeddable":true,"href":"http:\/\/shinyyoustationery.com\/de\/wp-json\/wp\/v2\/product_brand?post=33229"},{"taxonomy":"product_cat","embeddable":true,"href":"http:\/\/shinyyoustationery.com\/de\/wp-json\/wp\/v2\/product_cat?post=33229"},{"taxonomy":"product_tag","embeddable":true,"href":"http:\/\/shinyyoustationery.com\/de\/wp-json\/wp\/v2\/product_tag?post=33229"}],"curies":[{"name":"wp","href":"https:\/\/api.w.org\/{rel}","templated":true}]}}