{"id":33234,"date":"2025-06-23T21:25:10","date_gmt":"2025-06-24T05:25:10","guid":{"rendered":"http:\/\/45.63.70.205\/?post_type=product&#038;p=33234"},"modified":"2025-06-23T21:25:10","modified_gmt":"2025-06-24T05:25:10","slug":"wholesale-custom-neon-green-rubber-bands-versatile-and-durable-for-office-school-or-home","status":"publish","type":"product","link":"http:\/\/shinyyoustationery.com\/de\/wholesale-custom-neon-green-rubber-bands-versatile-and-durable-for-office-school-or-home\/","title":{"rendered":"Gro\u00dfhandel benutzerdefinierte Neon Gr\u00fcn Gummib\u00e4nder Vielseitig und langlebig f\u00fcr B\u00fcro, Schule oder zu Hause"},"content":{"rendered":"","protected":false},"excerpt":{"rendered":"<p>Diese leuchtend neongr\u00fcnen Gummib\u00e4nder sind perfekt f\u00fcr alle Ihre Organisations- und B\u00fcndelungsaufgaben. Sie sind in einer praktischen durchsichtigen Dose verpackt und lassen sich leicht aufbewahren und zug\u00e4nglich machen. Verwenden Sie sie, um Papiere zu halten, Schreibwaren zu organisieren oder kleine Gegenst\u00e4nde zu Hause, in der Schule oder im B\u00fcro zusammen zu halten. Ihre kr\u00e4ftige Neonfarbe verleiht Ihrem Arbeitsbereich einen lustigen, leuchtenden Touch!<\/p>","protected":false},"featured_media":33235,"template":"","meta":[],"product_brand":[],"product_cat":[682,423],"product_tag":[],"class_list":{"0":"post-33234","1":"product","2":"type-product","3":"status-publish","4":"has-post-thumbnail","6":"product_cat-lemon-collection","7":"product_cat-rubber-band","9":"first","10":"instock","11":"shipping-taxable","12":"product-type-simple"},"_links":{"self":[{"href":"http:\/\/shinyyoustationery.com\/de\/wp-json\/wp\/v2\/product\/33234","targetHints":{"allow":["GET"]}}],"collection":[{"href":"http:\/\/shinyyoustationery.com\/de\/wp-json\/wp\/v2\/product"}],"about":[{"href":"http:\/\/shinyyoustationery.com\/de\/wp-json\/wp\/v2\/types\/product"}],"version-history":[{"count":0,"href":"http:\/\/shinyyoustationery.com\/de\/wp-json\/wp\/v2\/product\/33234\/revisions"}],"wp:featuredmedia":[{"embeddable":true,"href":"http:\/\/shinyyoustationery.com\/de\/wp-json\/wp\/v2\/media\/33235"}],"wp:attachment":[{"href":"http:\/\/shinyyoustationery.com\/de\/wp-json\/wp\/v2\/media?parent=33234"}],"wp:term":[{"taxonomy":"product_brand","embeddable":true,"href":"http:\/\/shinyyoustationery.com\/de\/wp-json\/wp\/v2\/product_brand?post=33234"},{"taxonomy":"product_cat","embeddable":true,"href":"http:\/\/shinyyoustationery.com\/de\/wp-json\/wp\/v2\/product_cat?post=33234"},{"taxonomy":"product_tag","embeddable":true,"href":"http:\/\/shinyyoustationery.com\/de\/wp-json\/wp\/v2\/product_tag?post=33234"}],"curies":[{"name":"wp","href":"https:\/\/api.w.org\/{rel}","templated":true}]}}