{"id":33252,"date":"2025-06-23T22:30:09","date_gmt":"2025-06-24T06:30:09","guid":{"rendered":"http:\/\/45.63.70.205\/?post_type=product&#038;p=33252"},"modified":"2025-06-23T22:32:15","modified_gmt":"2025-06-24T06:32:15","slug":"wholesale-custom-colorful-glass-magnets-decorative-for-fridge-whiteboard-crafts","status":"publish","type":"product","link":"http:\/\/shinyyoustationery.com\/de\/wholesale-custom-colorful-glass-magnets-decorative-for-fridge-whiteboard-crafts\/","title":{"rendered":"Gro\u00dfhandel benutzerdefinierte bunte Glasmagnete - dekorativ f\u00fcr K\u00fchlschrank, Whiteboard &amp; Crafts"},"content":{"rendered":"","protected":false},"excerpt":{"rendered":"<p data-start=\"193\" data-end=\"576\">Versch\u00f6nern Sie Ihren Raum mit diesen charmanten Glaskuppelmagneten mit lebhaften abstrakten Motiven. Jeder Magnet hat eine gl\u00e4nzende, gew\u00f6lbte Oberfl\u00e4che, die die darunter liegenden Farben und Muster wunderbar zur Geltung bringt. Sie eignen sich perfekt zur Dekoration von K\u00fchlschr\u00e4nken, Whiteboards, Schlie\u00dff\u00e4chern oder zur Gestaltung von pers\u00f6nlichen Memo-Boards. Ein reizvoller und funktionaler Akzent f\u00fcr Ihr Zuhause, Ihr B\u00fcro oder Ihr Klassenzimmer!<\/p>","protected":false},"featured_media":33253,"template":"","meta":[],"product_brand":[],"product_cat":[682,698],"product_tag":[],"class_list":{"0":"post-33252","1":"product","2":"type-product","3":"status-publish","4":"has-post-thumbnail","6":"product_cat-lemon-collection","7":"product_cat-magnets","9":"first","10":"instock","11":"shipping-taxable","12":"product-type-simple"},"_links":{"self":[{"href":"http:\/\/shinyyoustationery.com\/de\/wp-json\/wp\/v2\/product\/33252","targetHints":{"allow":["GET"]}}],"collection":[{"href":"http:\/\/shinyyoustationery.com\/de\/wp-json\/wp\/v2\/product"}],"about":[{"href":"http:\/\/shinyyoustationery.com\/de\/wp-json\/wp\/v2\/types\/product"}],"version-history":[{"count":0,"href":"http:\/\/shinyyoustationery.com\/de\/wp-json\/wp\/v2\/product\/33252\/revisions"}],"wp:featuredmedia":[{"embeddable":true,"href":"http:\/\/shinyyoustationery.com\/de\/wp-json\/wp\/v2\/media\/33253"}],"wp:attachment":[{"href":"http:\/\/shinyyoustationery.com\/de\/wp-json\/wp\/v2\/media?parent=33252"}],"wp:term":[{"taxonomy":"product_brand","embeddable":true,"href":"http:\/\/shinyyoustationery.com\/de\/wp-json\/wp\/v2\/product_brand?post=33252"},{"taxonomy":"product_cat","embeddable":true,"href":"http:\/\/shinyyoustationery.com\/de\/wp-json\/wp\/v2\/product_cat?post=33252"},{"taxonomy":"product_tag","embeddable":true,"href":"http:\/\/shinyyoustationery.com\/de\/wp-json\/wp\/v2\/product_tag?post=33252"}],"curies":[{"name":"wp","href":"https:\/\/api.w.org\/{rel}","templated":true}]}}